{"id":16,"date":"2023-12-05T08:50:27","date_gmt":"2023-12-05T13:50:27","guid":{"rendered":"https:\/\/redcolombianadeposgrados.org\/congreso2024\/?page_id=16"},"modified":"2024-03-18T21:04:01","modified_gmt":"2024-03-19T02:04:01","slug":"conferencias","status":"publish","type":"page","link":"https:\/\/redcolombianadeposgrados.org\/congreso2024\/conferencias\/","title":{"rendered":"Conferencias"},"content":{"rendered":"\t\t<div data-elementor-type=\"wp-page\" data-elementor-id=\"16\" class=\"elementor elementor-16\" data-elementor-post-type=\"page\">\n\t\t\t\t<div class=\"elementor-element elementor-element-3c8a72e e-flex e-con-boxed e-con e-parent\" data-id=\"3c8a72e\" data-element_type=\"container\" data-core-v316-plus=\"true\">\n\t\t\t\t\t<div class=\"e-con-inner\">\n\t\t<div class=\"elementor-element elementor-element-179d5c6 e-con-full e-flex e-con e-child\" data-id=\"179d5c6\" data-element_type=\"container\">\n\t\t\t\t<div class=\"elementor-element elementor-element-a2b3b70 elementor-widget elementor-widget-image\" data-id=\"a2b3b70\" data-element_type=\"widget\" data-widget_type=\"image.default\">\n\t\t\t\t<div class=\"elementor-widget-container\">\n\t\t\t<style>\/*! elementor - v3.20.0 - 26-03-2024 *\/\n.elementor-widget-image{text-align:center}.elementor-widget-image a{display:inline-block}.elementor-widget-image a img[src$=\".svg\"]{width:48px}.elementor-widget-image img{vertical-align:middle;display:inline-block}<\/style>\t\t\t\t\t\t\t\t\t\t<img decoding=\"async\" src=\"https:\/\/redcolombianadeposgrados.org\/congreso2024\/wp-content\/uploads\/elementor\/thumbs\/Universidad-de-Cartagena-2-qj1mtnph90bp4gu5lw7enntrtol19s3hgvkfckeam0.png\" title=\"Universidad de Cartagena 2\" alt=\"Universidad de Cartagena 2\" loading=\"lazy\" \/>\t\t\t\t\t\t\t\t\t\t\t\t\t<\/div>\n\t\t\t\t<\/div>\n\t\t\t\t<\/div>\n\t\t<div class=\"elementor-element elementor-element-64016a9 e-con-full e-flex e-con e-child\" data-id=\"64016a9\" data-element_type=\"container\">\n\t\t\t\t<div class=\"elementor-element elementor-element-eb0937d elementor-widget elementor-widget-heading\" data-id=\"eb0937d\" data-element_type=\"widget\" data-widget_type=\"heading.default\">\n\t\t\t\t<div class=\"elementor-widget-container\">\n\t\t\t<style>\/*! elementor - v3.20.0 - 26-03-2024 *\/\n.elementor-heading-title{padding:0;margin:0;line-height:1}.elementor-widget-heading .elementor-heading-title[class*=elementor-size-]>a{color:inherit;font-size:inherit;line-height:inherit}.elementor-widget-heading .elementor-heading-title.elementor-size-small{font-size:15px}.elementor-widget-heading .elementor-heading-title.elementor-size-medium{font-size:19px}.elementor-widget-heading .elementor-heading-title.elementor-size-large{font-size:29px}.elementor-widget-heading .elementor-heading-title.elementor-size-xl{font-size:39px}.elementor-widget-heading .elementor-heading-title.elementor-size-xxl{font-size:59px}<\/style><h2 class=\"elementor-heading-title elementor-size-default\">AGENDA <\/h2>\t\t<\/div>\n\t\t\t\t<\/div>\n\t\t\t\t<div class=\"elementor-element elementor-element-09b5e50 elementor-widget elementor-widget-text-editor\" data-id=\"09b5e50\" data-element_type=\"widget\" data-widget_type=\"text-editor.default\">\n\t\t\t\t<div class=\"elementor-widget-container\">\n\t\t\t<style>\/*! elementor - v3.20.0 - 26-03-2024 *\/\n.elementor-widget-text-editor.elementor-drop-cap-view-stacked .elementor-drop-cap{background-color:#69727d;color:#fff}.elementor-widget-text-editor.elementor-drop-cap-view-framed .elementor-drop-cap{color:#69727d;border:3px solid;background-color:transparent}.elementor-widget-text-editor:not(.elementor-drop-cap-view-default) .elementor-drop-cap{margin-top:8px}.elementor-widget-text-editor:not(.elementor-drop-cap-view-default) .elementor-drop-cap-letter{width:1em;height:1em}.elementor-widget-text-editor .elementor-drop-cap{float:left;text-align:center;line-height:1;font-size:50px}.elementor-widget-text-editor .elementor-drop-cap-letter{display:inline-block}<\/style>\t\t\t\t<p><strong>7:30<\/strong> <span data-contrast=\"auto\">Registro de participantes. <\/span><span data-ccp-props=\"{}\">&nbsp;<\/span><\/p>\n<p><strong>8:00<\/strong> <span data-contrast=\"auto\"><b>Apertura del Congreso <\/b>\u2013 Acto protocolario. Rector Universidad de Cartagena <em>Dr. Willian Malk\u00fan<\/em> Castillejo.<\/span><\/p>\n<p><span data-contrast=\"auto\"><b>Contexto del congreso 2024.<\/b> Presidenta Red Colombiana de Posgrados <em>Dra. Esperanza Herrera Villabona.<\/em><\/span><em>&nbsp;<\/em><\/p>\n<p><strong>9:00&nbsp;<\/strong>Conferencia <b>Actualizaci\u00f3n de los posgrados en cifras<\/b>. <em>Dra.<\/em> <i>Diana Marina Camargo Lemos<\/i>, Investigadora &nbsp; principal del proyecto Observatorio de Posgrados.<\/p>\n<p><span data-contrast=\"auto\"><b>9:30<\/b> Conferencia <\/span><b><span data-contrast=\"auto\">Neurotecnolog\u00eda y educaci\u00f3n: retos para la innovaci\u00f3n did\u00e1ctica\u202fdel\u202fsiglo\u202fXXI.<\/span><\/b><span data-contrast=\"auto\"><em> Dr. Sergio Alejandro Rodr\u00edguez Jerez<\/em>, Decano de la Escuela de Educaci\u00f3n de la Universidad Sergio Arboleda.<\/span><span data-ccp-props=\"{&quot;335551550&quot;:6,&quot;335551620&quot;:6,&quot;335559685&quot;:705,&quot;335559737&quot;:170,&quot;335559738&quot;:4,&quot;335559991&quot;:705}\">&nbsp;<\/span><\/p>\n<p><strong>10:15&nbsp;<\/strong>Receso<\/p>\n<p><strong>10:30<\/strong>&nbsp;<span data-contrast=\"auto\">Conferencia <\/span><b><span data-contrast=\"auto\">La innovaci\u00f3n educativa en la educaci\u00f3n superior<\/span><\/b><span data-contrast=\"none\">.\u202f<\/span> <i><span data-contrast=\"auto\">Dr. Francesc Pedr\u00f3<\/span><\/i><span data-contrast=\"auto\">, director del Instituto Internacional de la UNESCO para la Educaci\u00f3n Superior en Am\u00e9rica Latina y el Caribe (UNESCO IESALC).<\/span><span data-ccp-props=\"{&quot;335551550&quot;:6,&quot;335551620&quot;:6,&quot;335559685&quot;:705,&quot;335559737&quot;:170,&quot;335559738&quot;:4,&quot;335559991&quot;:705}\">&nbsp;<\/span><\/p>\n<p><strong style=\"color: var( --e-global-color-text );\">11:15<\/strong><span style=\"color: var( --e-global-color-text );\">&nbsp;<\/span><span data-contrast=\"auto\" style=\"color: var( --e-global-color-text );\">Conferencia<\/span><b style=\"color: var( --e-global-color-text );\"><span data-contrast=\"auto\"> Aproximaci\u00f3n a la caracterizaci\u00f3n de estudiantes y graduados de doctorado en Colombia: resultados de la primera encuesta\u202fnacional\u202fOCyT. <\/span><\/b><em style=\"color: var( --e-global-color-text );\">Dr.<\/em><i style=\"color: var( --e-global-color-text );\"><span data-contrast=\"auto\"> Efr\u00e9n Romero Ria\u00f1o<\/span><\/i><span data-contrast=\"auto\" style=\"color: var( --e-global-color-text );\">, subdirector de investigaci\u00f3n Observatorio Colombiano de Ciencia y Tecnolog\u00eda.<\/span><span data-ccp-props=\"{&quot;335551550&quot;:6,&quot;335551620&quot;:6,&quot;335559685&quot;:705,&quot;335559737&quot;:170,&quot;335559738&quot;:4,&quot;335559991&quot;:705}\" style=\"color: var( --e-global-color-text );\">&nbsp;<\/span><br><\/p>\n<p><span data-ccp-props=\"{&quot;335551550&quot;:6,&quot;335551620&quot;:6,&quot;335559685&quot;:705,&quot;335559737&quot;:170,&quot;335559738&quot;:4,&quot;335559991&quot;:705}\" style=\"color: var( --e-global-color-text );\"><span style=\"font-weight: bolder;\">12:00<\/span>&nbsp;A<span data-contrast=\"auto\">lmuerzo<\/span><span data-ccp-props=\"{&quot;335551550&quot;:6,&quot;335551620&quot;:6,&quot;335559685&quot;:705,&quot;335559737&quot;:170,&quot;335559738&quot;:4,&quot;335559991&quot;:705}\">&nbsp;libre<\/span><br><\/span><\/p>\n<p><span data-ccp-props=\"{&quot;335551550&quot;:6,&quot;335551620&quot;:6,&quot;335559685&quot;:705,&quot;335559737&quot;:170,&quot;335559738&quot;:4,&quot;335559991&quot;:705}\" style=\"color: var( --e-global-color-text );\"><span data-ccp-props=\"{&quot;335551550&quot;:6,&quot;335551620&quot;:6,&quot;335559685&quot;:705,&quot;335559737&quot;:170,&quot;335559738&quot;:4,&quot;335559991&quot;:705}\"><b>14:30<\/b>&nbsp;<\/span><\/span><span style=\"color: var( --e-global-color-text );\">Conferencia<\/span><span style=\"color: var( --e-global-color-text );\">&nbsp;<\/span><span style=\"color: var( --e-global-color-text ); font-weight: 700;\">Estructura institucional para el apoyo de los posgrados en Colombia.<\/span><span style=\"color: var( --e-global-color-text );\">&nbsp;<\/span><em style=\"color: var( --e-global-color-text );\">Dra.<\/em><span style=\"color: var( --e-global-color-text );\">&nbsp;<\/span><i style=\"color: var( --e-global-color-text );\">Diana Marina &nbsp; Camargo Lemos<\/i><span style=\"color: var( --e-global-color-text );\">, &nbsp; Investigadora principal del proyecto Observatorio de Posgrados.<\/span><\/p>\n<p><strong>15:00&nbsp;<\/strong>Pre<span data-contrast=\"auto\">sentaci\u00f3n <b>Diagn\u00f3stico estrat\u00e9gico de la RCP.<\/b><\/span><i> Dra. Helen Mendoza Rubio, <\/i>Gerente Prospectiva y Estrategia SAS.&nbsp;<\/p>\n<p><strong>15:45<\/strong><span style=\"color: var( --e-global-color-text );\">&nbsp;<\/span><span data-contrast=\"auto\" style=\"color: var( --e-global-color-text );\">Receso<\/span><span data-ccp-props=\"{&quot;335551550&quot;:6,&quot;335551620&quot;:6,&quot;335559685&quot;:705,&quot;335559737&quot;:170,&quot;335559738&quot;:4,&quot;335559991&quot;:705}\" style=\"color: var( --e-global-color-text );\">&nbsp;<\/span><\/p>\n<p><strong>16:00<\/strong> <span data-contrast=\"auto\"><strong>Conversatorio<\/strong>&nbsp;&#8220;<strong>Realidades, retos y posibilidades de los posgrados colombianos&#8221;.&nbsp; <\/strong><\/span><\/p>\n<p><strong>Participantes:&nbsp;<\/strong><\/p>\n<p><em>Dra. Dora Lilia Mar\u00edn D\u00edaz<\/em>, Directora de Calidad para la Educaci\u00f3n Superior del Ministerio de Educaci\u00f3n Nacional;<strong><br><\/strong><\/p>\n<p><em>Dra. Mar\u00eda Piedad Mar\u00edn Guti\u00e9rrez<\/em>, Coordinadora Consejo Nacional de Acreditaci\u00f3n &#8211; CNA;<br><\/p>\n<p><em style=\"color: var( --e-global-color-text );\">Dra. Esperanza Herrera Villabona,<\/em><span style=\"color: var( --e-global-color-text );\"> Directora de posgrados Universidad Industrial de Santander, Presidenta comit\u00e9 ejecutivo Red Colombiana de Posgrados;<\/span><br><\/p>\n<p><span data-ccp-props=\"{&quot;335551550&quot;:6,&quot;335551620&quot;:6,&quot;335559685&quot;:705,&quot;335559737&quot;:170,&quot;335559738&quot;:4,&quot;335559991&quot;:705}\"><em>Dra. Liliana Arias Castillo,<\/em>&nbsp;<span style=\"font-size: 16px;\">Directora Regional Colombia&nbsp;<\/span>de la Asociaci\u00f3n Universitaria Iberoamericana de Posgrados &#8211; AUIP;&nbsp;<\/span><\/p>\n<p><i style=\"color: var( --e-global-color-text );\">Dr. Jos\u00e9 Manuel Restrepo <\/i><i style=\"color: var( --e-global-color-text );\">Abondano<\/i><span style=\"color: var( --e-global-color-text );\">, Rector Escuela de&nbsp; Ingenier\u00eda de Antioquia &#8211; EIA;&nbsp;<\/span><br><\/p>\n<p><span data-ccp-props=\"{&quot;335551550&quot;:6,&quot;335551620&quot;:6,&quot;335559685&quot;:705,&quot;335559737&quot;:170,&quot;335559738&quot;:4,&quot;335559991&quot;:705}\"><em>Dr. Doctor Erick S\u00e1nchez Flores, <\/em>Presidente Consejo Mexicano de Estudios de Posgrados &#8211; COMEPO;<\/span><\/p>\n<p><em>Dr. Oscar Dom\u00ednguez Gonz\u00e1lez, D<\/em>irector ejecutivo de la Asociaci\u00f3n Colombiana de Universidades &#8211; ASCUN;<\/p>\n<p><strong>17:30<\/strong> <span data-contrast=\"auto\">Cierre<\/span><span data-ccp-props=\"{&quot;335551550&quot;:6,&quot;335551620&quot;:6,&quot;335559685&quot;:705,&quot;335559737&quot;:170,&quot;335559738&quot;:4,&quot;335559991&quot;:705}\">&nbsp;<\/span><\/p>\t\t\t\t\t\t<\/div>\n\t\t\t\t<\/div>\n\t\t\t\t<\/div>\n\t\t\t\t\t<\/div>\n\t\t\t\t<\/div>\n\t\t\t\t<\/div>\n\t\t","protected":false},"excerpt":{"rendered":"<p>AGENDA 7:30 Registro de participantes. &nbsp; 8:00 Apertura del Congreso \u2013 Acto protocolario. Rector Universidad de Cartagena Dr. Willian Malk\u00fan Castillejo. Contexto del congreso 2024. Presidenta Red Colombiana de Posgrados Dra. Esperanza Herrera Villabona.&nbsp; 9:00&nbsp;Conferencia Actualizaci\u00f3n de los posgrados en cifras. Dra. Diana Marina Camargo Lemos, Investigadora &nbsp; principal del proyecto Observatorio de Posgrados. 9:30 [&hellip;]<\/p>\n","protected":false},"author":1,"featured_media":0,"parent":0,"menu_order":0,"comment_status":"closed","ping_status":"closed","template":"","meta":{"footnotes":""},"class_list":["post-16","page","type-page","status-publish","hentry"],"_links":{"self":[{"href":"https:\/\/redcolombianadeposgrados.org\/congreso2024\/wp-json\/wp\/v2\/pages\/16","targetHints":{"allow":["GET"]}}],"collection":[{"href":"https:\/\/redcolombianadeposgrados.org\/congreso2024\/wp-json\/wp\/v2\/pages"}],"about":[{"href":"https:\/\/redcolombianadeposgrados.org\/congreso2024\/wp-json\/wp\/v2\/types\/page"}],"author":[{"embeddable":true,"href":"https:\/\/redcolombianadeposgrados.org\/congreso2024\/wp-json\/wp\/v2\/users\/1"}],"replies":[{"embeddable":true,"href":"https:\/\/redcolombianadeposgrados.org\/congreso2024\/wp-json\/wp\/v2\/comments?post=16"}],"version-history":[{"count":68,"href":"https:\/\/redcolombianadeposgrados.org\/congreso2024\/wp-json\/wp\/v2\/pages\/16\/revisions"}],"predecessor-version":[{"id":1773,"href":"https:\/\/redcolombianadeposgrados.org\/congreso2024\/wp-json\/wp\/v2\/pages\/16\/revisions\/1773"}],"wp:attachment":[{"href":"https:\/\/redcolombianadeposgrados.org\/congreso2024\/wp-json\/wp\/v2\/media?parent=16"}],"curies":[{"name":"wp","href":"https:\/\/api.w.org\/{rel}","templated":true}]}}