{"id":195,"date":"2024-01-24T07:02:41","date_gmt":"2024-01-24T12:02:41","guid":{"rendered":"https:\/\/redcolombianadeposgrados.org\/congreso2024\/?page_id=195"},"modified":"2024-02-22T11:53:21","modified_gmt":"2024-02-22T16:53:21","slug":"universidad-tecnologica-de-bolivar-asamblea","status":"publish","type":"page","link":"https:\/\/redcolombianadeposgrados.org\/congreso2024\/universidad-tecnologica-de-bolivar-asamblea\/","title":{"rendered":"Universidad Tecnol\u00f3gica de Bol\u00edvar (Asamblea)"},"content":{"rendered":"\t\t<div data-elementor-type=\"wp-page\" data-elementor-id=\"195\" class=\"elementor elementor-195\" data-elementor-post-type=\"page\">\n\t\t\t\t<div class=\"elementor-element elementor-element-876319d e-flex e-con-boxed e-con e-parent\" data-id=\"876319d\" data-element_type=\"container\" data-core-v316-plus=\"true\">\n\t\t\t\t\t<div class=\"e-con-inner\">\n\t\t<div class=\"elementor-element elementor-element-3e79cc7 e-con-full e-flex e-con e-child\" data-id=\"3e79cc7\" data-element_type=\"container\">\n\t\t\t\t<div class=\"elementor-element elementor-element-40a063f elementor-widget elementor-widget-heading\" data-id=\"40a063f\" data-element_type=\"widget\" data-widget_type=\"heading.default\">\n\t\t\t\t<div class=\"elementor-widget-container\">\n\t\t\t<style>\/*! elementor - v3.20.0 - 26-03-2024 *\/\n.elementor-heading-title{padding:0;margin:0;line-height:1}.elementor-widget-heading .elementor-heading-title[class*=elementor-size-]>a{color:inherit;font-size:inherit;line-height:inherit}.elementor-widget-heading .elementor-heading-title.elementor-size-small{font-size:15px}.elementor-widget-heading .elementor-heading-title.elementor-size-medium{font-size:19px}.elementor-widget-heading .elementor-heading-title.elementor-size-large{font-size:29px}.elementor-widget-heading .elementor-heading-title.elementor-size-xl{font-size:39px}.elementor-widget-heading .elementor-heading-title.elementor-size-xxl{font-size:59px}<\/style><h2 class=\"elementor-heading-title elementor-size-default\"><a href=\"https:\/\/www.youtube.com\/watch?v=cpYXC2hqYAc\">Universidad Tecnol\u00f3gica de Bol\u00edvar  <\/a><\/h2>\t\t<\/div>\n\t\t\t\t<\/div>\n\t\t\t\t<div class=\"elementor-element elementor-element-924f57d elementor-widget elementor-widget-video\" data-id=\"924f57d\" data-element_type=\"widget\" data-settings=\"{&quot;youtube_url&quot;:&quot;https:\\\/\\\/www.youtube.com\\\/watch?v=0GO133FUrl8&quot;,&quot;video_type&quot;:&quot;youtube&quot;,&quot;controls&quot;:&quot;yes&quot;}\" data-widget_type=\"video.default\">\n\t\t\t\t<div class=\"elementor-widget-container\">\n\t\t\t<style>\/*! elementor - v3.20.0 - 26-03-2024 *\/\n.elementor-widget-video .elementor-widget-container{overflow:hidden;transform:translateZ(0)}.elementor-widget-video .elementor-wrapper{aspect-ratio:var(--video-aspect-ratio)}.elementor-widget-video .elementor-wrapper iframe,.elementor-widget-video .elementor-wrapper video{height:100%;width:100%;display:flex;border:none;background-color:#000}@supports not (aspect-ratio:1\/1){.elementor-widget-video .elementor-wrapper{position:relative;overflow:hidden;height:0;padding-bottom:calc(100% \/ var(--video-aspect-ratio))}.elementor-widget-video .elementor-wrapper iframe,.elementor-widget-video .elementor-wrapper video{position:absolute;top:0;right:0;bottom:0;left:0}}.elementor-widget-video .elementor-open-inline .elementor-custom-embed-image-overlay{position:absolute;top:0;right:0;bottom:0;left:0;background-size:cover;background-position:50%}.elementor-widget-video .elementor-custom-embed-image-overlay{cursor:pointer;text-align:center}.elementor-widget-video .elementor-custom-embed-image-overlay:hover .elementor-custom-embed-play i{opacity:1}.elementor-widget-video .elementor-custom-embed-image-overlay img{display:block;width:100%;aspect-ratio:var(--video-aspect-ratio);-o-object-fit:cover;object-fit:cover;-o-object-position:center center;object-position:center center}@supports not (aspect-ratio:1\/1){.elementor-widget-video .elementor-custom-embed-image-overlay{position:relative;overflow:hidden;height:0;padding-bottom:calc(100% \/ var(--video-aspect-ratio))}.elementor-widget-video .elementor-custom-embed-image-overlay img{position:absolute;top:0;right:0;bottom:0;left:0}}.elementor-widget-video .e-hosted-video .elementor-video{-o-object-fit:cover;object-fit:cover}.e-con-inner>.elementor-widget-video,.e-con>.elementor-widget-video{width:var(--container-widget-width);--flex-grow:var(--container-widget-flex-grow)}<\/style>\t\t<div class=\"elementor-wrapper elementor-open-inline\">\n\t\t\t<div class=\"elementor-video\"><\/div>\t\t<\/div>\n\t\t\t\t<\/div>\n\t\t\t\t<\/div>\n\t\t\t\t<\/div>\n\t\t<div class=\"elementor-element elementor-element-c3da442 e-con-full e-flex e-con e-child\" data-id=\"c3da442\" data-element_type=\"container\">\n\t\t\t\t<div class=\"elementor-element elementor-element-8c9e2db elementor-widget elementor-widget-text-editor\" data-id=\"8c9e2db\" data-element_type=\"widget\" data-widget_type=\"text-editor.default\">\n\t\t\t\t<div class=\"elementor-widget-container\">\n\t\t\t<style>\/*! elementor - v3.20.0 - 26-03-2024 *\/\n.elementor-widget-text-editor.elementor-drop-cap-view-stacked .elementor-drop-cap{background-color:#69727d;color:#fff}.elementor-widget-text-editor.elementor-drop-cap-view-framed .elementor-drop-cap{color:#69727d;border:3px solid;background-color:transparent}.elementor-widget-text-editor:not(.elementor-drop-cap-view-default) .elementor-drop-cap{margin-top:8px}.elementor-widget-text-editor:not(.elementor-drop-cap-view-default) .elementor-drop-cap-letter{width:1em;height:1em}.elementor-widget-text-editor .elementor-drop-cap{float:left;text-align:center;line-height:1;font-size:50px}.elementor-widget-text-editor .elementor-drop-cap-letter{display:inline-block}<\/style>\t\t\t\t<p><span data-contrast=\"none\">En respuesta a las necesidades del sector industrial de Cartagena y de la Regi\u00f3n Caribe, la Universidad Tecnol\u00f3gica de Bol\u00edvar- UTB, fue fundada el 5 de agosto de 1970, como una instituci\u00f3n con vocaci\u00f3n empresarial, para formar profesionales en los programas de econom\u00eda e ingenier\u00edas el\u00e9ctrica, mec\u00e1nica e industrial. Para la fecha de su fundaci\u00f3n, la UTB fue la primera y la \u00fanica instituci\u00f3n de educaci\u00f3n superior privada localizada en Cartagena de Indias. Hist\u00f3ricamente, se pueden identificar tres grandes etapas en el desarrollo de la Universidad: 1970-2003, 2004-2011, y 2012-2017.<\/span><span data-ccp-props=\"{&quot;201341983&quot;:0,&quot;335551550&quot;:6,&quot;335551620&quot;:6,&quot;335559739&quot;:160,&quot;335559740&quot;:259}\">\u00a0<\/span><\/p><p><span data-contrast=\"none\">En el 2011, la Universidad Tecnol\u00f3gica de Bol\u00edvar, fue la primera Universidad privada en Cartagena, en recibir la Acreditaci\u00f3n Institucional de Alta Calidad, un gran logro que reafirm\u00f3 el compromiso con la excelencia en la formaci\u00f3n integral de sus estudiantes y la calidad de sus programas acad\u00e9micos. En el 2015, el Ministerio de Educaci\u00f3n Nacional otorg\u00f3 la renovaci\u00f3n de la Acreditaci\u00f3n Institucional de Alta Calidad, y en el 2019 se obtiene por segunda vez la renovaci\u00f3n de la acreditaci\u00f3n institucional.<\/span><span data-ccp-props=\"{&quot;201341983&quot;:0,&quot;335551550&quot;:6,&quot;335551620&quot;:6,&quot;335559739&quot;:160,&quot;335559740&quot;:259}\">\u00a0<\/span><\/p>\t\t\t\t\t\t<\/div>\n\t\t\t\t<\/div>\n\t\t\t\t<div class=\"elementor-element elementor-element-01f5934 elementor-widget elementor-widget-heading\" data-id=\"01f5934\" data-element_type=\"widget\" data-widget_type=\"heading.default\">\n\t\t\t\t<div class=\"elementor-widget-container\">\n\t\t\t<h2 class=\"elementor-heading-title elementor-size-default\">Contacto<\/h2>\t\t<\/div>\n\t\t\t\t<\/div>\n\t\t\t\t<div class=\"elementor-element elementor-element-193c459 elementor-widget elementor-widget-image\" data-id=\"193c459\" data-element_type=\"widget\" data-widget_type=\"image.default\">\n\t\t\t\t<div class=\"elementor-widget-container\">\n\t\t\t<style>\/*! elementor - v3.20.0 - 26-03-2024 *\/\n.elementor-widget-image{text-align:center}.elementor-widget-image a{display:inline-block}.elementor-widget-image a img[src$=\".svg\"]{width:48px}.elementor-widget-image img{vertical-align:middle;display:inline-block}<\/style>\t\t\t\t\t\t\t\t\t\t<img decoding=\"async\" width=\"173\" height=\"50\" src=\"https:\/\/redcolombianadeposgrados.org\/congreso2024\/wp-content\/uploads\/2024\/01\/UTB.png\" class=\"attachment-large size-large wp-image-341\" alt=\"\" \/>\t\t\t\t\t\t\t\t\t\t\t\t\t<\/div>\n\t\t\t\t<\/div>\n\t\t\t\t<div class=\"elementor-element elementor-element-e4fbbd1 elementor-widget elementor-widget-text-editor\" data-id=\"e4fbbd1\" data-element_type=\"widget\" data-widget_type=\"text-editor.default\">\n\t\t\t\t<div class=\"elementor-widget-container\">\n\t\t\t\t\t\t\t<p><span style=\"font-weight: 400;\"><strong>Direcci\u00f3n: <\/strong>Campus Casa Lemaitre, Auditorio Jorge Taua, Calle del Bouquet Cra.21 #25-92, barrio Manga. Cartagena de Indias.<\/span><\/p>\t\t\t\t\t\t<\/div>\n\t\t\t\t<\/div>\n\t\t\t\t<\/div>\n\t\t\t\t\t<\/div>\n\t\t\t\t<\/div>\n\t\t\t\t<\/div>\n\t\t","protected":false},"excerpt":{"rendered":"<p>Universidad Tecnol\u00f3gica de Bol\u00edvar https:\/\/www.youtube.com\/watch?v=0GO133FUrl8 En respuesta a las necesidades del sector industrial de Cartagena y de la Regi\u00f3n Caribe, la Universidad Tecnol\u00f3gica de Bol\u00edvar- UTB, fue fundada el 5 de agosto de 1970, como una instituci\u00f3n con vocaci\u00f3n empresarial, para formar profesionales en los programas de econom\u00eda e ingenier\u00edas el\u00e9ctrica, mec\u00e1nica e industrial. Para [&hellip;]<\/p>\n","protected":false},"author":1,"featured_media":0,"parent":0,"menu_order":0,"comment_status":"closed","ping_status":"closed","template":"","meta":{"footnotes":""},"class_list":["post-195","page","type-page","status-publish","hentry"],"_links":{"self":[{"href":"https:\/\/redcolombianadeposgrados.org\/congreso2024\/wp-json\/wp\/v2\/pages\/195","targetHints":{"allow":["GET"]}}],"collection":[{"href":"https:\/\/redcolombianadeposgrados.org\/congreso2024\/wp-json\/wp\/v2\/pages"}],"about":[{"href":"https:\/\/redcolombianadeposgrados.org\/congreso2024\/wp-json\/wp\/v2\/types\/page"}],"author":[{"embeddable":true,"href":"https:\/\/redcolombianadeposgrados.org\/congreso2024\/wp-json\/wp\/v2\/users\/1"}],"replies":[{"embeddable":true,"href":"https:\/\/redcolombianadeposgrados.org\/congreso2024\/wp-json\/wp\/v2\/comments?post=195"}],"version-history":[{"count":19,"href":"https:\/\/redcolombianadeposgrados.org\/congreso2024\/wp-json\/wp\/v2\/pages\/195\/revisions"}],"predecessor-version":[{"id":749,"href":"https:\/\/redcolombianadeposgrados.org\/congreso2024\/wp-json\/wp\/v2\/pages\/195\/revisions\/749"}],"wp:attachment":[{"href":"https:\/\/redcolombianadeposgrados.org\/congreso2024\/wp-json\/wp\/v2\/media?parent=195"}],"curies":[{"name":"wp","href":"https:\/\/api.w.org\/{rel}","templated":true}]}}