{"id":20,"date":"2023-12-05T08:50:58","date_gmt":"2023-12-05T13:50:58","guid":{"rendered":"https:\/\/redcolombianadeposgrados.org\/congreso2024\/?page_id=20"},"modified":"2024-02-01T10:04:19","modified_gmt":"2024-02-01T15:04:19","slug":"contacto","status":"publish","type":"page","link":"https:\/\/redcolombianadeposgrados.org\/congreso2024\/contacto\/","title":{"rendered":"Contacto"},"content":{"rendered":"\t\t<div data-elementor-type=\"wp-page\" data-elementor-id=\"20\" class=\"elementor elementor-20\" data-elementor-post-type=\"page\">\n\t\t\t\t<div class=\"elementor-element elementor-element-3cbfa05 e-flex e-con-boxed e-con e-parent\" data-id=\"3cbfa05\" data-element_type=\"container\" data-core-v316-plus=\"true\">\n\t\t\t\t\t<div class=\"e-con-inner\">\n\t\t<div class=\"elementor-element elementor-element-bf2bd12 e-con-full e-flex e-con e-child\" data-id=\"bf2bd12\" data-element_type=\"container\">\n\t\t\t\t<div class=\"elementor-element elementor-element-5acfcee elementor-widget elementor-widget-image\" data-id=\"5acfcee\" data-element_type=\"widget\" data-widget_type=\"image.default\">\n\t\t\t\t<div class=\"elementor-widget-container\">\n\t\t\t<style>\/*! elementor - v3.20.0 - 26-03-2024 *\/\n.elementor-widget-image{text-align:center}.elementor-widget-image a{display:inline-block}.elementor-widget-image a img[src$=\".svg\"]{width:48px}.elementor-widget-image img{vertical-align:middle;display:inline-block}<\/style>\t\t\t\t\t\t\t\t\t\t<img fetchpriority=\"high\" decoding=\"async\" width=\"342\" height=\"400\" src=\"https:\/\/redcolombianadeposgrados.org\/congreso2024\/wp-content\/uploads\/2024\/01\/Gilma-Florez.png\" class=\"attachment-full size-full wp-image-304\" alt=\"\" srcset=\"https:\/\/redcolombianadeposgrados.org\/congreso2024\/wp-content\/uploads\/2024\/01\/Gilma-Florez.png 342w, https:\/\/redcolombianadeposgrados.org\/congreso2024\/wp-content\/uploads\/2024\/01\/Gilma-Florez-257x300.png 257w\" sizes=\"(max-width: 342px) 100vw, 342px\" \/>\t\t\t\t\t\t\t\t\t\t\t\t\t<\/div>\n\t\t\t\t<\/div>\n\t\t\t\t<\/div>\n\t\t<div class=\"elementor-element elementor-element-83c4dc1 e-con-full e-flex e-con e-child\" data-id=\"83c4dc1\" data-element_type=\"container\">\n\t\t\t\t<div class=\"elementor-element elementor-element-e05a836 elementor-widget elementor-widget-heading\" data-id=\"e05a836\" data-element_type=\"widget\" data-widget_type=\"heading.default\">\n\t\t\t\t<div class=\"elementor-widget-container\">\n\t\t\t<style>\/*! elementor - v3.20.0 - 26-03-2024 *\/\n.elementor-heading-title{padding:0;margin:0;line-height:1}.elementor-widget-heading .elementor-heading-title[class*=elementor-size-]>a{color:inherit;font-size:inherit;line-height:inherit}.elementor-widget-heading .elementor-heading-title.elementor-size-small{font-size:15px}.elementor-widget-heading .elementor-heading-title.elementor-size-medium{font-size:19px}.elementor-widget-heading .elementor-heading-title.elementor-size-large{font-size:29px}.elementor-widget-heading .elementor-heading-title.elementor-size-xl{font-size:39px}.elementor-widget-heading .elementor-heading-title.elementor-size-xxl{font-size:59px}<\/style><h2 class=\"elementor-heading-title elementor-size-default\">Gilma Fabiola <br>FL\u00d3REZ GARC\u00c9S<\/h2>\t\t<\/div>\n\t\t\t\t<\/div>\n\t\t\t\t<div class=\"elementor-element elementor-element-355da96 elementor-widget elementor-widget-text-editor\" data-id=\"355da96\" data-element_type=\"widget\" data-widget_type=\"text-editor.default\">\n\t\t\t\t<div class=\"elementor-widget-container\">\n\t\t\t<style>\/*! elementor - v3.20.0 - 26-03-2024 *\/\n.elementor-widget-text-editor.elementor-drop-cap-view-stacked .elementor-drop-cap{background-color:#69727d;color:#fff}.elementor-widget-text-editor.elementor-drop-cap-view-framed .elementor-drop-cap{color:#69727d;border:3px solid;background-color:transparent}.elementor-widget-text-editor:not(.elementor-drop-cap-view-default) .elementor-drop-cap{margin-top:8px}.elementor-widget-text-editor:not(.elementor-drop-cap-view-default) .elementor-drop-cap-letter{width:1em;height:1em}.elementor-widget-text-editor .elementor-drop-cap{float:left;text-align:center;line-height:1;font-size:50px}.elementor-widget-text-editor .elementor-drop-cap-letter{display:inline-block}<\/style>\t\t\t\t<p>secretariaejecutiva@redcolombianadeposgrados.org<\/p><p><span style=\"font-weight: 400;\"><strong>Celular:<\/strong> (+57) 322 6863628<\/span><\/p>\t\t\t\t\t\t<\/div>\n\t\t\t\t<\/div>\n\t\t\t\t<\/div>\n\t\t<div class=\"elementor-element elementor-element-f34a90e e-con-full e-flex e-con e-child\" data-id=\"f34a90e\" data-element_type=\"container\">\n\t\t\t\t<div class=\"elementor-element elementor-element-5084a1b elementor-widget elementor-widget-image\" data-id=\"5084a1b\" data-element_type=\"widget\" data-widget_type=\"image.default\">\n\t\t\t\t<div class=\"elementor-widget-container\">\n\t\t\t\t\t\t\t\t\t\t\t\t\t<img decoding=\"async\" width=\"151\" height=\"177\" src=\"https:\/\/redcolombianadeposgrados.org\/congreso2024\/wp-content\/uploads\/2024\/02\/Andrea-Farfan.png\" class=\"attachment-full size-full wp-image-501\" alt=\"\" \/>\t\t\t\t\t\t\t\t\t\t\t\t\t<\/div>\n\t\t\t\t<\/div>\n\t\t\t\t<\/div>\n\t\t<div class=\"elementor-element elementor-element-5858e37 e-con-full e-flex e-con e-child\" data-id=\"5858e37\" data-element_type=\"container\">\n\t\t\t\t<div class=\"elementor-element elementor-element-e3a6292 elementor-widget elementor-widget-heading\" data-id=\"e3a6292\" data-element_type=\"widget\" data-widget_type=\"heading.default\">\n\t\t\t\t<div class=\"elementor-widget-container\">\n\t\t\t<h2 class=\"elementor-heading-title elementor-size-default\">M\u00f3nica Andrea <br>FARF\u00c1N ARIAS<\/h2>\t\t<\/div>\n\t\t\t\t<\/div>\n\t\t\t\t<div class=\"elementor-element elementor-element-3df26b2 elementor-widget elementor-widget-text-editor\" data-id=\"3df26b2\" data-element_type=\"widget\" data-widget_type=\"text-editor.default\">\n\t\t\t\t<div class=\"elementor-widget-container\">\n\t\t\t\t\t\t\t<p>asistenteadministrativa@redcolombianadeposgrados.org<\/p><p><strong>Celular:\u00a0 <\/strong>(+57)\u00a0310 7889257<\/p>\t\t\t\t\t\t<\/div>\n\t\t\t\t<\/div>\n\t\t\t\t<\/div>\n\t\t\t\t\t<\/div>\n\t\t\t\t<\/div>\n\t\t\t\t<\/div>\n\t\t","protected":false},"excerpt":{"rendered":"<p>Gilma Fabiola FL\u00d3REZ GARC\u00c9S secretariaejecutiva@redcolombianadeposgrados.org Celular: (+57) 322 6863628 M\u00f3nica Andrea FARF\u00c1N ARIAS asistenteadministrativa@redcolombianadeposgrados.org Celular:\u00a0 (+57)\u00a0310 7889257<\/p>\n","protected":false},"author":1,"featured_media":0,"parent":0,"menu_order":0,"comment_status":"closed","ping_status":"closed","template":"","meta":{"footnotes":""},"class_list":["post-20","page","type-page","status-publish","hentry"],"_links":{"self":[{"href":"https:\/\/redcolombianadeposgrados.org\/congreso2024\/wp-json\/wp\/v2\/pages\/20","targetHints":{"allow":["GET"]}}],"collection":[{"href":"https:\/\/redcolombianadeposgrados.org\/congreso2024\/wp-json\/wp\/v2\/pages"}],"about":[{"href":"https:\/\/redcolombianadeposgrados.org\/congreso2024\/wp-json\/wp\/v2\/types\/page"}],"author":[{"embeddable":true,"href":"https:\/\/redcolombianadeposgrados.org\/congreso2024\/wp-json\/wp\/v2\/users\/1"}],"replies":[{"embeddable":true,"href":"https:\/\/redcolombianadeposgrados.org\/congreso2024\/wp-json\/wp\/v2\/comments?post=20"}],"version-history":[{"count":64,"href":"https:\/\/redcolombianadeposgrados.org\/congreso2024\/wp-json\/wp\/v2\/pages\/20\/revisions"}],"predecessor-version":[{"id":504,"href":"https:\/\/redcolombianadeposgrados.org\/congreso2024\/wp-json\/wp\/v2\/pages\/20\/revisions\/504"}],"wp:attachment":[{"href":"https:\/\/redcolombianadeposgrados.org\/congreso2024\/wp-json\/wp\/v2\/media?parent=20"}],"curies":[{"name":"wp","href":"https:\/\/api.w.org\/{rel}","templated":true}]}}