{"id":22,"date":"2023-12-05T08:51:20","date_gmt":"2023-12-05T13:51:20","guid":{"rendered":"https:\/\/redcolombianadeposgrados.org\/congreso2024\/?page_id=22"},"modified":"2024-02-22T11:51:33","modified_gmt":"2024-02-22T16:51:33","slug":"universidad-de-cartagena-congreso","status":"publish","type":"page","link":"https:\/\/redcolombianadeposgrados.org\/congreso2024\/universidad-de-cartagena-congreso\/","title":{"rendered":"Universidad de Cartagena"},"content":{"rendered":"\t\t<div data-elementor-type=\"wp-page\" data-elementor-id=\"22\" class=\"elementor elementor-22\" data-elementor-post-type=\"page\">\n\t\t\t\t<div class=\"elementor-element elementor-element-a234010 e-flex e-con-boxed e-con e-parent\" data-id=\"a234010\" data-element_type=\"container\" data-core-v316-plus=\"true\">\n\t\t\t\t\t<div class=\"e-con-inner\">\n\t\t<div class=\"elementor-element elementor-element-91c7c2c e-con-full e-flex e-con e-child\" data-id=\"91c7c2c\" data-element_type=\"container\">\n\t\t\t\t<div class=\"elementor-element elementor-element-f396946 elementor-widget elementor-widget-heading\" data-id=\"f396946\" data-element_type=\"widget\" data-widget_type=\"heading.default\">\n\t\t\t\t<div class=\"elementor-widget-container\">\n\t\t\t<style>\/*! elementor - v3.20.0 - 26-03-2024 *\/\n.elementor-heading-title{padding:0;margin:0;line-height:1}.elementor-widget-heading .elementor-heading-title[class*=elementor-size-]>a{color:inherit;font-size:inherit;line-height:inherit}.elementor-widget-heading .elementor-heading-title.elementor-size-small{font-size:15px}.elementor-widget-heading .elementor-heading-title.elementor-size-medium{font-size:19px}.elementor-widget-heading .elementor-heading-title.elementor-size-large{font-size:29px}.elementor-widget-heading .elementor-heading-title.elementor-size-xl{font-size:39px}.elementor-widget-heading .elementor-heading-title.elementor-size-xxl{font-size:59px}<\/style><h2 class=\"elementor-heading-title elementor-size-default\"><a href=\"https:\/\/www.youtube.com\/watch?v=cpYXC2hqYAc\">Universidad de Cartagena<\/a><\/h2>\t\t<\/div>\n\t\t\t\t<\/div>\n\t\t\t\t<div class=\"elementor-element elementor-element-53f257e elementor-widget elementor-widget-video\" data-id=\"53f257e\" data-element_type=\"widget\" data-settings=\"{&quot;youtube_url&quot;:&quot;https:\\\/\\\/youtu.be\\\/cpYXC2hqYAc?si=K3pSd26QCYzHTjXl&quot;,&quot;video_type&quot;:&quot;youtube&quot;,&quot;controls&quot;:&quot;yes&quot;}\" data-widget_type=\"video.default\">\n\t\t\t\t<div class=\"elementor-widget-container\">\n\t\t\t<style>\/*! elementor - v3.20.0 - 26-03-2024 *\/\n.elementor-widget-video .elementor-widget-container{overflow:hidden;transform:translateZ(0)}.elementor-widget-video .elementor-wrapper{aspect-ratio:var(--video-aspect-ratio)}.elementor-widget-video .elementor-wrapper iframe,.elementor-widget-video .elementor-wrapper video{height:100%;width:100%;display:flex;border:none;background-color:#000}@supports not (aspect-ratio:1\/1){.elementor-widget-video .elementor-wrapper{position:relative;overflow:hidden;height:0;padding-bottom:calc(100% \/ var(--video-aspect-ratio))}.elementor-widget-video .elementor-wrapper iframe,.elementor-widget-video .elementor-wrapper video{position:absolute;top:0;right:0;bottom:0;left:0}}.elementor-widget-video .elementor-open-inline .elementor-custom-embed-image-overlay{position:absolute;top:0;right:0;bottom:0;left:0;background-size:cover;background-position:50%}.elementor-widget-video .elementor-custom-embed-image-overlay{cursor:pointer;text-align:center}.elementor-widget-video .elementor-custom-embed-image-overlay:hover .elementor-custom-embed-play i{opacity:1}.elementor-widget-video .elementor-custom-embed-image-overlay img{display:block;width:100%;aspect-ratio:var(--video-aspect-ratio);-o-object-fit:cover;object-fit:cover;-o-object-position:center center;object-position:center center}@supports not (aspect-ratio:1\/1){.elementor-widget-video .elementor-custom-embed-image-overlay{position:relative;overflow:hidden;height:0;padding-bottom:calc(100% \/ var(--video-aspect-ratio))}.elementor-widget-video .elementor-custom-embed-image-overlay img{position:absolute;top:0;right:0;bottom:0;left:0}}.elementor-widget-video .e-hosted-video .elementor-video{-o-object-fit:cover;object-fit:cover}.e-con-inner>.elementor-widget-video,.e-con>.elementor-widget-video{width:var(--container-widget-width);--flex-grow:var(--container-widget-flex-grow)}<\/style>\t\t<div class=\"elementor-wrapper elementor-open-inline\">\n\t\t\t<div class=\"elementor-video\"><\/div>\t\t<\/div>\n\t\t\t\t<\/div>\n\t\t\t\t<\/div>\n\t\t\t\t<\/div>\n\t\t<div class=\"elementor-element elementor-element-54c016c e-con-full e-flex e-con e-child\" data-id=\"54c016c\" data-element_type=\"container\">\n\t\t\t\t<div class=\"elementor-element elementor-element-f102e0a elementor-widget elementor-widget-text-editor\" data-id=\"f102e0a\" data-element_type=\"widget\" data-widget_type=\"text-editor.default\">\n\t\t\t\t<div class=\"elementor-widget-container\">\n\t\t\t<style>\/*! elementor - v3.20.0 - 26-03-2024 *\/\n.elementor-widget-text-editor.elementor-drop-cap-view-stacked .elementor-drop-cap{background-color:#69727d;color:#fff}.elementor-widget-text-editor.elementor-drop-cap-view-framed .elementor-drop-cap{color:#69727d;border:3px solid;background-color:transparent}.elementor-widget-text-editor:not(.elementor-drop-cap-view-default) .elementor-drop-cap{margin-top:8px}.elementor-widget-text-editor:not(.elementor-drop-cap-view-default) .elementor-drop-cap-letter{width:1em;height:1em}.elementor-widget-text-editor .elementor-drop-cap{float:left;text-align:center;line-height:1;font-size:50px}.elementor-widget-text-editor .elementor-drop-cap-letter{display:inline-block}<\/style>\t\t\t\t<p><span style=\"font-weight: 400;\">La Universidad de Cartagena, como instituci\u00f3n de naturaleza p\u00fablica, ha sido el espacio de formaci\u00f3n de los j\u00f3venes del Caribe colombiano desde el siglo XIX; su historia e importancia se expresa desde los albores de la independencia y del sue\u00f1o de los libertadores y organizadores del nuevo estado colombiano, que visionaron la educaci\u00f3n como el medio ideal para la formaci\u00f3n de las nuevas generaciones que conducir\u00e1n los destinos de la joven rep\u00fablica. En este contexto, se crean las universidades p\u00fablicas, entre ellas la Universidad del Magdalena e Istmo (creada por el Decreto 06 de octubre de 1827), que abre sus puertas el 11 de noviembre de 1828 en el claustro del Convento de San Agust\u00edn de la ciudad de Cartagena. Este, su primer nombre, revelaba su cobertura: el Magdalena, que comprend\u00eda en esa \u00e9poca todo el territorio del Caribe colombiano y el Istmo, que hac\u00eda referencia a Panam\u00e1. Con el tiempo, la Universidad recibi\u00f3 los nombres de Universidad del Segundo Distrito, Colegio Provincial de Cartagena, Instituto Boliviano, Colegio del Departamento, Colegio de Fern\u00e1ndez de Madrid, Universidad de Bol\u00edvar y, por \u00faltimo, Universidad de Cartagena.<\/span><\/p><p><span style=\"font-weight: 400;\">La Universidad de Cartagena es una universidad casi Bicentenaria con gran posicionamiento en los ranking educativos, alto impacto investigativo y acad\u00e9mico,\u00a0 acreditaci\u00f3n nacional de alta calidad y acreditaci\u00f3n internacional. Cuenta con una amplia oferta educativa, dentro de ella 39 programas de pregrado y 75 programas de posgrados, respaldados por 6 programas con acreditaci\u00f3n internacional, 5 institutos, 6 observatorios y 6 consultorios.\u00a0<\/span><\/p>\t\t\t\t\t\t<\/div>\n\t\t\t\t<\/div>\n\t\t\t\t<div class=\"elementor-element elementor-element-c548595 elementor-widget elementor-widget-heading\" data-id=\"c548595\" data-element_type=\"widget\" data-widget_type=\"heading.default\">\n\t\t\t\t<div class=\"elementor-widget-container\">\n\t\t\t<h2 class=\"elementor-heading-title elementor-size-default\">Contacto<\/h2>\t\t<\/div>\n\t\t\t\t<\/div>\n\t\t\t\t<div class=\"elementor-element elementor-element-09893db elementor-widget elementor-widget-image\" data-id=\"09893db\" data-element_type=\"widget\" data-widget_type=\"image.default\">\n\t\t\t\t<div class=\"elementor-widget-container\">\n\t\t\t<style>\/*! elementor - v3.20.0 - 26-03-2024 *\/\n.elementor-widget-image{text-align:center}.elementor-widget-image a{display:inline-block}.elementor-widget-image a img[src$=\".svg\"]{width:48px}.elementor-widget-image img{vertical-align:middle;display:inline-block}<\/style>\t\t\t\t\t\t\t\t\t\t<img decoding=\"async\" src=\"https:\/\/redcolombianadeposgrados.org\/congreso2024\/wp-content\/uploads\/elementor\/thumbs\/Logo-U-Cartagena-qizx6er4nl2owq7f5bh15daned5n9i2rqr88w5wou4.png\" title=\"Logo U Cartagena\" alt=\"Logo U Cartagena\" loading=\"lazy\" \/>\t\t\t\t\t\t\t\t\t\t\t\t\t<\/div>\n\t\t\t\t<\/div>\n\t\t\t\t<div class=\"elementor-element elementor-element-fc193fc elementor-widget elementor-widget-text-editor\" data-id=\"fc193fc\" data-element_type=\"widget\" data-widget_type=\"text-editor.default\">\n\t\t\t\t<div class=\"elementor-widget-container\">\n\t\t\t\t\t\t\t<p><span style=\"font-weight: 400;\"><strong>Direcci\u00f3n:<\/strong> Claustro San Agust\u00edn, Auditorio Paraninfo Rafael N\u00fa\u00f1ez <br \/>Carrera 6 No 36 \u2013 100, Centro. Cartagena de Indias.<\/span><\/p><p><span style=\"font-weight: 400;\"><strong>Celular:<\/strong> (+57) 316 439 0360\u00a0<\/span><\/p>\t\t\t\t\t\t<\/div>\n\t\t\t\t<\/div>\n\t\t\t\t<\/div>\n\t\t\t\t\t<\/div>\n\t\t\t\t<\/div>\n\t\t\t\t<\/div>\n\t\t","protected":false},"excerpt":{"rendered":"<p>Universidad de Cartagena https:\/\/youtu.be\/cpYXC2hqYAc?si=K3pSd26QCYzHTjXl La Universidad de Cartagena, como instituci\u00f3n de naturaleza p\u00fablica, ha sido el espacio de formaci\u00f3n de los j\u00f3venes del Caribe colombiano desde el siglo XIX; su historia e importancia se expresa desde los albores de la independencia y del sue\u00f1o de los libertadores y organizadores del nuevo estado colombiano, que visionaron [&hellip;]<\/p>\n","protected":false},"author":1,"featured_media":0,"parent":0,"menu_order":0,"comment_status":"closed","ping_status":"closed","template":"","meta":{"footnotes":""},"class_list":["post-22","page","type-page","status-publish","hentry"],"_links":{"self":[{"href":"https:\/\/redcolombianadeposgrados.org\/congreso2024\/wp-json\/wp\/v2\/pages\/22","targetHints":{"allow":["GET"]}}],"collection":[{"href":"https:\/\/redcolombianadeposgrados.org\/congreso2024\/wp-json\/wp\/v2\/pages"}],"about":[{"href":"https:\/\/redcolombianadeposgrados.org\/congreso2024\/wp-json\/wp\/v2\/types\/page"}],"author":[{"embeddable":true,"href":"https:\/\/redcolombianadeposgrados.org\/congreso2024\/wp-json\/wp\/v2\/users\/1"}],"replies":[{"embeddable":true,"href":"https:\/\/redcolombianadeposgrados.org\/congreso2024\/wp-json\/wp\/v2\/comments?post=22"}],"version-history":[{"count":45,"href":"https:\/\/redcolombianadeposgrados.org\/congreso2024\/wp-json\/wp\/v2\/pages\/22\/revisions"}],"predecessor-version":[{"id":746,"href":"https:\/\/redcolombianadeposgrados.org\/congreso2024\/wp-json\/wp\/v2\/pages\/22\/revisions\/746"}],"wp:attachment":[{"href":"https:\/\/redcolombianadeposgrados.org\/congreso2024\/wp-json\/wp\/v2\/media?parent=22"}],"curies":[{"name":"wp","href":"https:\/\/api.w.org\/{rel}","templated":true}]}}