{"id":484,"date":"2022-11-15T15:47:26","date_gmt":"2022-11-15T20:47:26","guid":{"rendered":"https:\/\/redcolombianadeposgrados.org\/web\/?page_id=484"},"modified":"2025-01-16T14:31:23","modified_gmt":"2025-01-16T19:31:23","slug":"nuevos-asociados","status":"publish","type":"page","link":"https:\/\/redcolombianadeposgrados.org\/web\/nuevos-asociados\/","title":{"rendered":"Nuevos asociados OLD"},"content":{"rendered":"\t\t<div data-elementor-type=\"wp-page\" data-elementor-id=\"484\" class=\"elementor elementor-484\" data-elementor-post-type=\"page\">\n\t\t\t\t\t\t<section class=\"elementor-section elementor-top-section elementor-element elementor-element-0196bc8 elementor-section-boxed elementor-section-height-default elementor-section-height-default\" data-id=\"0196bc8\" data-element_type=\"section\">\n\t\t\t\t\t\t<div class=\"elementor-container elementor-column-gap-default\">\n\t\t\t\t\t<div class=\"elementor-column elementor-col-33 elementor-top-column elementor-element elementor-element-6cd4664\" data-id=\"6cd4664\" data-element_type=\"column\">\n\t\t\t<div class=\"elementor-widget-wrap elementor-element-populated\">\n\t\t\t\t\t\t<div class=\"elementor-element elementor-element-376a469 elementor-widget elementor-widget-image-carousel\" data-id=\"376a469\" data-element_type=\"widget\" data-settings=\"{&quot;slides_to_show&quot;:&quot;1&quot;,&quot;navigation&quot;:&quot;none&quot;,&quot;autoplay_speed&quot;:2000,&quot;effect&quot;:&quot;fade&quot;,&quot;autoplay&quot;:&quot;yes&quot;,&quot;pause_on_hover&quot;:&quot;yes&quot;,&quot;pause_on_interaction&quot;:&quot;yes&quot;,&quot;infinite&quot;:&quot;yes&quot;,&quot;speed&quot;:500}\" data-widget_type=\"image-carousel.default\">\n\t\t\t\t<div class=\"elementor-widget-container\">\n\t\t\t\t\t\t\t<div class=\"elementor-image-carousel-wrapper swiper\" role=\"region\" aria-roledescription=\"carousel\" aria-label=\"Carrusel de im\u00e1genes\" dir=\"ltr\">\n\t\t\t<div class=\"elementor-image-carousel swiper-wrapper\" aria-live=\"off\">\n\t\t\t\t\t\t\t\t<div class=\"swiper-slide\" role=\"group\" aria-roledescription=\"slide\" aria-label=\"1 of 7\"><figure class=\"swiper-slide-inner\"><img decoding=\"async\" class=\"swiper-slide-image\" src=\"https:\/\/redcolombianadeposgrados.org\/web\/wp-content\/uploads\/2023\/04\/039-300x300.png\" alt=\"039\" \/><\/figure><\/div><div class=\"swiper-slide\" role=\"group\" aria-roledescription=\"slide\" aria-label=\"2 of 7\"><figure class=\"swiper-slide-inner\"><img decoding=\"async\" class=\"swiper-slide-image\" src=\"https:\/\/redcolombianadeposgrados.org\/web\/wp-content\/uploads\/2023\/04\/040-300x300.png\" alt=\"040\" \/><\/figure><\/div><div class=\"swiper-slide\" role=\"group\" aria-roledescription=\"slide\" aria-label=\"3 of 7\"><figure class=\"swiper-slide-inner\"><img decoding=\"async\" class=\"swiper-slide-image\" src=\"https:\/\/redcolombianadeposgrados.org\/web\/wp-content\/uploads\/2023\/04\/041-300x300.png\" alt=\"041\" \/><\/figure><\/div><div class=\"swiper-slide\" role=\"group\" aria-roledescription=\"slide\" aria-label=\"4 of 7\"><figure class=\"swiper-slide-inner\"><img decoding=\"async\" class=\"swiper-slide-image\" src=\"https:\/\/redcolombianadeposgrados.org\/web\/wp-content\/uploads\/2023\/04\/042-300x300.png\" alt=\"042\" \/><\/figure><\/div><div class=\"swiper-slide\" role=\"group\" aria-roledescription=\"slide\" aria-label=\"5 of 7\"><figure class=\"swiper-slide-inner\"><img decoding=\"async\" class=\"swiper-slide-image\" src=\"https:\/\/redcolombianadeposgrados.org\/web\/wp-content\/uploads\/2023\/04\/037-300x300.png\" alt=\"037\" \/><\/figure><\/div><div class=\"swiper-slide\" role=\"group\" aria-roledescription=\"slide\" aria-label=\"6 of 7\"><figure class=\"swiper-slide-inner\"><img decoding=\"async\" class=\"swiper-slide-image\" src=\"https:\/\/redcolombianadeposgrados.org\/web\/wp-content\/uploads\/2022\/11\/14-Foto-general-300x300.png\" alt=\"14 Foto general\" \/><\/figure><\/div><div class=\"swiper-slide\" role=\"group\" aria-roledescription=\"slide\" aria-label=\"7 of 7\"><figure class=\"swiper-slide-inner\"><img decoding=\"async\" class=\"swiper-slide-image\" src=\"https:\/\/redcolombianadeposgrados.org\/web\/wp-content\/uploads\/2023\/04\/038-300x300.png\" alt=\"038\" \/><\/figure><\/div>\t\t\t<\/div>\n\t\t\t\t\t\t\t\n\t\t\t\t\t\t\t\t\t<\/div>\n\t\t\t\t\t\t<\/div>\n\t\t\t\t<\/div>\n\t\t\t\t\t<\/div>\n\t\t<\/div>\n\t\t\t\t<div class=\"elementor-column elementor-col-33 elementor-top-column elementor-element elementor-element-0faac54\" data-id=\"0faac54\" data-element_type=\"column\">\n\t\t\t<div class=\"elementor-widget-wrap\">\n\t\t\t\t\t\t\t<\/div>\n\t\t<\/div>\n\t\t\t\t<div class=\"elementor-column elementor-col-33 elementor-top-column elementor-element elementor-element-f0d2087\" data-id=\"f0d2087\" data-element_type=\"column\">\n\t\t\t<div class=\"elementor-widget-wrap elementor-element-populated\">\n\t\t\t\t\t\t<div class=\"elementor-element elementor-element-f12fc21 elementor-widget elementor-widget-heading\" data-id=\"f12fc21\" data-element_type=\"widget\" data-widget_type=\"heading.default\">\n\t\t\t\t<div class=\"elementor-widget-container\">\n\t\t\t\t\t<h2 class=\"elementor-heading-title elementor-size-default\">Nuevos Asociados<\/h2>\t\t\t\t<\/div>\n\t\t\t\t<\/div>\n\t\t\t\t<div class=\"elementor-element elementor-element-e61301c elementor-widget elementor-widget-text-editor\" data-id=\"e61301c\" data-element_type=\"widget\" data-widget_type=\"text-editor.default\">\n\t\t\t\t<div class=\"elementor-widget-container\">\n\t\t\t\t\t\t\t\t\t<p><strong>\u00bfPor qu\u00e9 ser parte de la Red?<\/strong><\/p><ul><li style=\"text-align: justify;\">Genera la reflexi\u00f3n de los directivos, gestores y acad\u00e9micos de las instituciones de educaci\u00f3n superior sobre temas, problemas y necesidades que afectan la educaci\u00f3n posgradual en Colombia.<\/li><li style=\"text-align: justify;\">Interact\u00faa con el gobierno nacional sobre la definici\u00f3n de pol\u00edtica y proyectos de posgrados, as\u00ed como en temas de educaci\u00f3n superior, ciencia, tecnolog\u00eda e innovaci\u00f3n.<\/li><li style=\"text-align: justify;\">Fomenta la articulaci\u00f3n con el sector empresarial para responder a sus demandas y necesidades con el fin de abrir oportunidades de crecimiento personal y laboral a sus egresados.<\/li><li style=\"text-align: justify;\">Fomenta la internacionalizaci\u00f3n de la oferta acad\u00e9mica posgradual de sus miembros, a trav\u00e9s de alianzas estrat\u00e9gicas con universidades extranjeras para la movilidad, la investigaci\u00f3n y las publicaciones.<\/li><li style=\"text-align: justify;\">Divulga, reconoce y premia las buenas pr\u00e1cticas y la calidad de los programas posgraduales de las IE que los promueven.<\/li><li style=\"text-align: justify;\">Fomenta la movilidad de estudiantes, docentes e investigadores de programas posgraduales entre las IE educativas afiliadas a la misma.<\/li><li style=\"text-align: justify;\">Trabaja en el desarrollo de programas y proyectos conjuntos de investigaci\u00f3n, docencia y extensi\u00f3n, as\u00ed como en la puesta en marcha de eventos acad\u00e9micos nacionales e internacionales, que fortalezcan la formaci\u00f3n posgradual del sistema de educaci\u00f3n superior colombiano.<\/li><\/ul><p><strong>Requisitos:<\/strong><\/p><p style=\"text-align: justify;\">Los requisitos para ser miembros de la Red est\u00e1n consignados en los Estatutos y son los siguientes:<\/p><ul><li style=\"text-align: justify;\">Ser una entidad que corresponda a las incluidas en las definiciones de miembros asociados o miembros promotores.<\/li><li style=\"text-align: justify;\">Estar debidamente constituida, seg\u00fan la normativa que le correspondiere.<\/li><li style=\"text-align: justify;\">No tener sanciones vigentes emitidas por el Ministerio de Educaci\u00f3n Nacional.<\/li><li style=\"text-align: justify;\">Ser aceptado como miembros.<\/li><li>Haber pagado la cuota\u00a0 de afiliaci\u00f3n.<\/li><\/ul>\t\t\t\t\t\t\t\t<\/div>\n\t\t\t\t<\/div>\n\t\t\t\t<div class=\"elementor-element elementor-element-a021ae0 elementor-align-right elementor-invisible elementor-widget elementor-widget-button\" data-id=\"a021ae0\" data-element_type=\"widget\" data-settings=\"{&quot;_animation&quot;:&quot;fadeInUp&quot;}\" data-widget_type=\"button.default\">\n\t\t\t\t<div class=\"elementor-widget-container\">\n\t\t\t\t\t\t\t\t\t<div class=\"elementor-button-wrapper\">\n\t\t\t\t\t<a class=\"elementor-button elementor-button-link elementor-size-sm\" href=\"https:\/\/redcolombianadeposgrados.org\/web\/contacto\/\">\n\t\t\t\t\t\t<span class=\"elementor-button-content-wrapper\">\n\t\t\t\t\t\t\t\t\t<span class=\"elementor-button-text\">M\u00e1s informaci\u00f3n<\/span>\n\t\t\t\t\t<\/span>\n\t\t\t\t\t<\/a>\n\t\t\t\t<\/div>\n\t\t\t\t\t\t\t\t<\/div>\n\t\t\t\t<\/div>\n\t\t\t\t\t<\/div>\n\t\t<\/div>\n\t\t\t\t\t<\/div>\n\t\t<\/section>\n\t\t\t\t<section class=\"elementor-section elementor-top-section elementor-element elementor-element-d0b3e1f elementor-section-boxed elementor-section-height-default elementor-section-height-default\" data-id=\"d0b3e1f\" data-element_type=\"section\">\n\t\t\t\t\t\t<div class=\"elementor-container elementor-column-gap-default\">\n\t\t\t\t\t<div class=\"elementor-column elementor-col-100 elementor-top-column elementor-element elementor-element-c6a15c0\" data-id=\"c6a15c0\" data-element_type=\"column\">\n\t\t\t<div class=\"elementor-widget-wrap elementor-element-populated\">\n\t\t\t\t\t\t<div class=\"elementor-element elementor-element-b56a5f4 elementor-widget-divider--view-line elementor-widget elementor-widget-divider\" data-id=\"b56a5f4\" data-element_type=\"widget\" data-widget_type=\"divider.default\">\n\t\t\t\t<div class=\"elementor-widget-container\">\n\t\t\t\t\t\t\t<div class=\"elementor-divider\">\n\t\t\t<span class=\"elementor-divider-separator\">\n\t\t\t\t\t\t<\/span>\n\t\t<\/div>\n\t\t\t\t\t\t<\/div>\n\t\t\t\t<\/div>\n\t\t\t\t\t<\/div>\n\t\t<\/div>\n\t\t\t\t\t<\/div>\n\t\t<\/section>\n\t\t\t\t<section class=\"elementor-section elementor-top-section elementor-element elementor-element-c1964a9 elementor-section-boxed elementor-section-height-default elementor-section-height-default\" data-id=\"c1964a9\" data-element_type=\"section\">\n\t\t\t\t\t\t<div class=\"elementor-container elementor-column-gap-default\">\n\t\t\t\t\t<div class=\"elementor-column elementor-col-100 elementor-top-column elementor-element elementor-element-f24eaf7\" data-id=\"f24eaf7\" data-element_type=\"column\">\n\t\t\t<div class=\"elementor-widget-wrap elementor-element-populated\">\n\t\t\t\t\t\t<div class=\"elementor-element elementor-element-9de0645 elementor-widget elementor-widget-heading\" data-id=\"9de0645\" data-element_type=\"widget\" data-widget_type=\"heading.default\">\n\t\t\t\t<div class=\"elementor-widget-container\">\n\t\t\t\t\t<h2 class=\"elementor-heading-title elementor-size-default\">Tipos de membresias<\/h2>\t\t\t\t<\/div>\n\t\t\t\t<\/div>\n\t\t\t\t<section class=\"elementor-section elementor-inner-section elementor-element elementor-element-423ec32 elementor-section-boxed elementor-section-height-default elementor-section-height-default\" data-id=\"423ec32\" data-element_type=\"section\">\n\t\t\t\t\t\t<div class=\"elementor-container elementor-column-gap-default\">\n\t\t\t\t\t<div class=\"elementor-column elementor-col-33 elementor-inner-column elementor-element elementor-element-e8d4338\" data-id=\"e8d4338\" data-element_type=\"column\">\n\t\t\t<div class=\"elementor-widget-wrap elementor-element-populated\">\n\t\t\t\t\t\t<div class=\"elementor-element elementor-element-683153a elementor-widget elementor-widget-text-editor\" data-id=\"683153a\" data-element_type=\"widget\" data-widget_type=\"text-editor.default\">\n\t\t\t\t<div class=\"elementor-widget-container\">\n\t\t\t\t\t\t\t\t\t<p><strong>Miembros Fundadores<\/strong><\/p><p style=\"text-align: justify;\">Las instituciones educativas de educaci\u00f3n colombiana que participaron en tal calidad en el acta de constituci\u00f3n de la organizaci\u00f3n en el a\u00f1o 2008.<\/p>\t\t\t\t\t\t\t\t<\/div>\n\t\t\t\t<\/div>\n\t\t\t\t\t<\/div>\n\t\t<\/div>\n\t\t\t\t<div class=\"elementor-column elementor-col-33 elementor-inner-column elementor-element elementor-element-06de2b8\" data-id=\"06de2b8\" data-element_type=\"column\">\n\t\t\t<div class=\"elementor-widget-wrap elementor-element-populated\">\n\t\t\t\t\t\t<div class=\"elementor-element elementor-element-286df6e elementor-widget elementor-widget-text-editor\" data-id=\"286df6e\" data-element_type=\"widget\" data-widget_type=\"text-editor.default\">\n\t\t\t\t<div class=\"elementor-widget-container\">\n\t\t\t\t\t\t\t\t\t<p style=\"text-align: justify;\"><strong>Miembros Asociados<\/strong><\/p><p style=\"text-align: justify;\">Instituciones de Educaci\u00f3n Superior Colombianas y otras entidades que desarrollan bajo autorizaci\u00f3n legal, programas de posgrado, que han solicitado su admisi\u00f3n en calidad de tales, de modo posterior a la fundaci\u00f3n de la RCP, y han sido aceptadas, seg\u00fan el procedimiento previsto en los Estatutos.<\/p>\t\t\t\t\t\t\t\t<\/div>\n\t\t\t\t<\/div>\n\t\t\t\t\t<\/div>\n\t\t<\/div>\n\t\t\t\t<div class=\"elementor-column elementor-col-33 elementor-inner-column elementor-element elementor-element-ed8971a\" data-id=\"ed8971a\" data-element_type=\"column\">\n\t\t\t<div class=\"elementor-widget-wrap elementor-element-populated\">\n\t\t\t\t\t\t<div class=\"elementor-element elementor-element-2995c4e elementor-widget elementor-widget-text-editor\" data-id=\"2995c4e\" data-element_type=\"widget\" data-widget_type=\"text-editor.default\">\n\t\t\t\t<div class=\"elementor-widget-container\">\n\t\t\t\t\t\t\t\t\t<p style=\"text-align: justify;\"><strong>Miembros Promotores<\/strong><\/p><p style=\"text-align: justify;\">Entidades, organizaciones, centros de investigaci\u00f3n, instituciones acad\u00e9micas o personas naturales como investigadores o acad\u00e9micos, tanto nacionales como extranjeras o internacionales, interesadas en fomentar las actividades desarrolladas por la RCP, as\u00ed como promover y apoyar sus prop\u00f3sitos y objetivos, aportando recursos y que han sido aceptadas en calidad de tales, seg\u00fan el procedimiento previsto en los Estatutos.<\/p>\t\t\t\t\t\t\t\t<\/div>\n\t\t\t\t<\/div>\n\t\t\t\t<div class=\"elementor-element elementor-element-e83c930 elementor-align-right elementor-invisible elementor-widget elementor-widget-button\" data-id=\"e83c930\" data-element_type=\"widget\" data-settings=\"{&quot;_animation&quot;:&quot;fadeInUp&quot;}\" data-widget_type=\"button.default\">\n\t\t\t\t<div class=\"elementor-widget-container\">\n\t\t\t\t\t\t\t\t\t<div class=\"elementor-button-wrapper\">\n\t\t\t\t\t<a class=\"elementor-button elementor-button-link elementor-size-sm\" href=\"https:\/\/redcolombianadeposgrados.org\/web\/contacto\/\">\n\t\t\t\t\t\t<span class=\"elementor-button-content-wrapper\">\n\t\t\t\t\t\t\t\t\t<span class=\"elementor-button-text\">M\u00e1s informaci\u00f3n<\/span>\n\t\t\t\t\t<\/span>\n\t\t\t\t\t<\/a>\n\t\t\t\t<\/div>\n\t\t\t\t\t\t\t\t<\/div>\n\t\t\t\t<\/div>\n\t\t\t\t\t<\/div>\n\t\t<\/div>\n\t\t\t\t\t<\/div>\n\t\t<\/section>\n\t\t\t\t\t<\/div>\n\t\t<\/div>\n\t\t\t\t\t<\/div>\n\t\t<\/section>\n\t\t\t\t<\/div>\n\t\t","protected":false},"excerpt":{"rendered":"<p>Nuevos Asociados \u00bfPor qu\u00e9 ser parte de la Red? Genera la reflexi\u00f3n de los directivos, gestores y acad\u00e9micos de las instituciones de educaci\u00f3n superior sobre temas, problemas y necesidades que afectan la educaci\u00f3n posgradual en Colombia. Interact\u00faa con el gobierno nacional sobre la definici\u00f3n de pol\u00edtica y proyectos de posgrados, as\u00ed como en temas de [&hellip;]<\/p>\n","protected":false},"author":1,"featured_media":0,"parent":0,"menu_order":0,"comment_status":"closed","ping_status":"closed","template":"","meta":{"footnotes":""},"class_list":["post-484","page","type-page","status-publish","hentry"],"yoast_head":"<!-- This site is optimized with the Yoast SEO plugin v27.4 - https:\/\/yoast.com\/product\/yoast-seo-wordpress\/ -->\n<title>Nuevos asociados OLD - Red Colombiana de Posgrados<\/title>\n<meta name=\"robots\" content=\"index, follow, max-snippet:-1, max-image-preview:large, max-video-preview:-1\" \/>\n<link rel=\"canonical\" href=\"https:\/\/redcolombianadeposgrados.org\/web\/nuevos-asociados\/\" \/>\n<meta property=\"og:locale\" content=\"es_ES\" \/>\n<meta property=\"og:type\" content=\"article\" \/>\n<meta property=\"og:title\" content=\"Nuevos asociados OLD - Red Colombiana de Posgrados\" \/>\n<meta property=\"og:description\" content=\"Nuevos Asociados \u00bfPor qu\u00e9 ser parte de la Red? Genera la reflexi\u00f3n de los directivos, gestores y acad\u00e9micos de las instituciones de educaci\u00f3n superior sobre temas, problemas y necesidades que afectan la educaci\u00f3n posgradual en Colombia. Interact\u00faa con el gobierno nacional sobre la definici\u00f3n de pol\u00edtica y proyectos de posgrados, as\u00ed como en temas de [&hellip;]\" \/>\n<meta property=\"og:url\" content=\"https:\/\/redcolombianadeposgrados.org\/web\/nuevos-asociados\/\" \/>\n<meta property=\"og:site_name\" content=\"Red Colombiana de Posgrados\" \/>\n<meta property=\"article:publisher\" content=\"https:\/\/www.facebook.com\/ReddePosgrados\/\" \/>\n<meta property=\"article:modified_time\" content=\"2025-01-16T19:31:23+00:00\" \/>\n<meta property=\"og:image\" content=\"https:\/\/redcolombianadeposgrados.org\/web\/wp-content\/uploads\/2023\/04\/039-300x300.png\" \/>\n<meta name=\"twitter:card\" content=\"summary_large_image\" \/>\n<meta name=\"twitter:site\" content=\"@ReddePosgrados\" \/>\n<meta name=\"twitter:label1\" content=\"Tiempo de lectura\" \/>\n\t<meta name=\"twitter:data1\" content=\"2 minutos\" \/>\n<script type=\"application\/ld+json\" class=\"yoast-schema-graph\">{\"@context\":\"https:\\\/\\\/schema.org\",\"@graph\":[{\"@type\":\"WebPage\",\"@id\":\"https:\\\/\\\/redcolombianadeposgrados.org\\\/web\\\/nuevos-asociados\\\/\",\"url\":\"https:\\\/\\\/redcolombianadeposgrados.org\\\/web\\\/nuevos-asociados\\\/\",\"name\":\"Nuevos asociados OLD - Red Colombiana de Posgrados\",\"isPartOf\":{\"@id\":\"https:\\\/\\\/redcolombianadeposgrados.org\\\/web\\\/#website\"},\"primaryImageOfPage\":{\"@id\":\"https:\\\/\\\/redcolombianadeposgrados.org\\\/web\\\/nuevos-asociados\\\/#primaryimage\"},\"image\":{\"@id\":\"https:\\\/\\\/redcolombianadeposgrados.org\\\/web\\\/nuevos-asociados\\\/#primaryimage\"},\"thumbnailUrl\":\"https:\\\/\\\/redcolombianadeposgrados.org\\\/web\\\/wp-content\\\/uploads\\\/2023\\\/04\\\/039-300x300.png\",\"datePublished\":\"2022-11-15T20:47:26+00:00\",\"dateModified\":\"2025-01-16T19:31:23+00:00\",\"breadcrumb\":{\"@id\":\"https:\\\/\\\/redcolombianadeposgrados.org\\\/web\\\/nuevos-asociados\\\/#breadcrumb\"},\"inLanguage\":\"es-CO\",\"potentialAction\":[{\"@type\":\"ReadAction\",\"target\":[\"https:\\\/\\\/redcolombianadeposgrados.org\\\/web\\\/nuevos-asociados\\\/\"]}]},{\"@type\":\"ImageObject\",\"inLanguage\":\"es-CO\",\"@id\":\"https:\\\/\\\/redcolombianadeposgrados.org\\\/web\\\/nuevos-asociados\\\/#primaryimage\",\"url\":\"https:\\\/\\\/redcolombianadeposgrados.org\\\/web\\\/wp-content\\\/uploads\\\/2023\\\/04\\\/039.png\",\"contentUrl\":\"https:\\\/\\\/redcolombianadeposgrados.org\\\/web\\\/wp-content\\\/uploads\\\/2023\\\/04\\\/039.png\",\"width\":304,\"height\":304},{\"@type\":\"BreadcrumbList\",\"@id\":\"https:\\\/\\\/redcolombianadeposgrados.org\\\/web\\\/nuevos-asociados\\\/#breadcrumb\",\"itemListElement\":[{\"@type\":\"ListItem\",\"position\":1,\"name\":\"Inicio\",\"item\":\"https:\\\/\\\/redcolombianadeposgrados.org\\\/web\\\/\"},{\"@type\":\"ListItem\",\"position\":2,\"name\":\"Nuevos asociados OLD\"}]},{\"@type\":\"WebSite\",\"@id\":\"https:\\\/\\\/redcolombianadeposgrados.org\\\/web\\\/#website\",\"url\":\"https:\\\/\\\/redcolombianadeposgrados.org\\\/web\\\/\",\"name\":\"Red Colombiana de Posgrados\",\"description\":\"RCP\",\"publisher\":{\"@id\":\"https:\\\/\\\/redcolombianadeposgrados.org\\\/web\\\/#organization\"},\"potentialAction\":[{\"@type\":\"SearchAction\",\"target\":{\"@type\":\"EntryPoint\",\"urlTemplate\":\"https:\\\/\\\/redcolombianadeposgrados.org\\\/web\\\/?s={search_term_string}\"},\"query-input\":{\"@type\":\"PropertyValueSpecification\",\"valueRequired\":true,\"valueName\":\"search_term_string\"}}],\"inLanguage\":\"es-CO\"},{\"@type\":\"Organization\",\"@id\":\"https:\\\/\\\/redcolombianadeposgrados.org\\\/web\\\/#organization\",\"name\":\"Red Colombiana de Posgrados\",\"url\":\"https:\\\/\\\/redcolombianadeposgrados.org\\\/web\\\/\",\"logo\":{\"@type\":\"ImageObject\",\"inLanguage\":\"es-CO\",\"@id\":\"https:\\\/\\\/redcolombianadeposgrados.org\\\/web\\\/#\\\/schema\\\/logo\\\/image\\\/\",\"url\":\"https:\\\/\\\/redcolombianadeposgrados.org\\\/web\\\/wp-content\\\/uploads\\\/2023\\\/04\\\/logo-rcp-web.png\",\"contentUrl\":\"https:\\\/\\\/redcolombianadeposgrados.org\\\/web\\\/wp-content\\\/uploads\\\/2023\\\/04\\\/logo-rcp-web.png\",\"width\":600,\"height\":182,\"caption\":\"Red Colombiana de Posgrados\"},\"image\":{\"@id\":\"https:\\\/\\\/redcolombianadeposgrados.org\\\/web\\\/#\\\/schema\\\/logo\\\/image\\\/\"},\"sameAs\":[\"https:\\\/\\\/www.facebook.com\\\/ReddePosgrados\\\/\",\"https:\\\/\\\/x.com\\\/ReddePosgrados\",\"https:\\\/\\\/www.instagram.com\\\/redcolombianadeposgrados\\\/\",\"https:\\\/\\\/www.linkedin.com\\\/in\\\/red-colombiana-de-posgrados-46b431196\\\/\",\"https:\\\/\\\/www.youtube.com\\\/channel\\\/UCQ4uQlN_Xa4QYR709vqkyJw\"]}]}<\/script>\n<!-- \/ Yoast SEO plugin. -->","yoast_head_json":{"title":"Nuevos asociados OLD - Red Colombiana de Posgrados","robots":{"index":"index","follow":"follow","max-snippet":"max-snippet:-1","max-image-preview":"max-image-preview:large","max-video-preview":"max-video-preview:-1"},"canonical":"https:\/\/redcolombianadeposgrados.org\/web\/nuevos-asociados\/","og_locale":"es_ES","og_type":"article","og_title":"Nuevos asociados OLD - Red Colombiana de Posgrados","og_description":"Nuevos Asociados \u00bfPor qu\u00e9 ser parte de la Red? Genera la reflexi\u00f3n de los directivos, gestores y acad\u00e9micos de las instituciones de educaci\u00f3n superior sobre temas, problemas y necesidades que afectan la educaci\u00f3n posgradual en Colombia. Interact\u00faa con el gobierno nacional sobre la definici\u00f3n de pol\u00edtica y proyectos de posgrados, as\u00ed como en temas de [&hellip;]","og_url":"https:\/\/redcolombianadeposgrados.org\/web\/nuevos-asociados\/","og_site_name":"Red Colombiana de Posgrados","article_publisher":"https:\/\/www.facebook.com\/ReddePosgrados\/","article_modified_time":"2025-01-16T19:31:23+00:00","og_image":[{"url":"https:\/\/redcolombianadeposgrados.org\/web\/wp-content\/uploads\/2023\/04\/039-300x300.png","type":"","width":"","height":""}],"twitter_card":"summary_large_image","twitter_site":"@ReddePosgrados","twitter_misc":{"Tiempo de lectura":"2 minutos"},"schema":{"@context":"https:\/\/schema.org","@graph":[{"@type":"WebPage","@id":"https:\/\/redcolombianadeposgrados.org\/web\/nuevos-asociados\/","url":"https:\/\/redcolombianadeposgrados.org\/web\/nuevos-asociados\/","name":"Nuevos asociados OLD - Red Colombiana de Posgrados","isPartOf":{"@id":"https:\/\/redcolombianadeposgrados.org\/web\/#website"},"primaryImageOfPage":{"@id":"https:\/\/redcolombianadeposgrados.org\/web\/nuevos-asociados\/#primaryimage"},"image":{"@id":"https:\/\/redcolombianadeposgrados.org\/web\/nuevos-asociados\/#primaryimage"},"thumbnailUrl":"https:\/\/redcolombianadeposgrados.org\/web\/wp-content\/uploads\/2023\/04\/039-300x300.png","datePublished":"2022-11-15T20:47:26+00:00","dateModified":"2025-01-16T19:31:23+00:00","breadcrumb":{"@id":"https:\/\/redcolombianadeposgrados.org\/web\/nuevos-asociados\/#breadcrumb"},"inLanguage":"es-CO","potentialAction":[{"@type":"ReadAction","target":["https:\/\/redcolombianadeposgrados.org\/web\/nuevos-asociados\/"]}]},{"@type":"ImageObject","inLanguage":"es-CO","@id":"https:\/\/redcolombianadeposgrados.org\/web\/nuevos-asociados\/#primaryimage","url":"https:\/\/redcolombianadeposgrados.org\/web\/wp-content\/uploads\/2023\/04\/039.png","contentUrl":"https:\/\/redcolombianadeposgrados.org\/web\/wp-content\/uploads\/2023\/04\/039.png","width":304,"height":304},{"@type":"BreadcrumbList","@id":"https:\/\/redcolombianadeposgrados.org\/web\/nuevos-asociados\/#breadcrumb","itemListElement":[{"@type":"ListItem","position":1,"name":"Inicio","item":"https:\/\/redcolombianadeposgrados.org\/web\/"},{"@type":"ListItem","position":2,"name":"Nuevos asociados OLD"}]},{"@type":"WebSite","@id":"https:\/\/redcolombianadeposgrados.org\/web\/#website","url":"https:\/\/redcolombianadeposgrados.org\/web\/","name":"Red Colombiana de Posgrados","description":"RCP","publisher":{"@id":"https:\/\/redcolombianadeposgrados.org\/web\/#organization"},"potentialAction":[{"@type":"SearchAction","target":{"@type":"EntryPoint","urlTemplate":"https:\/\/redcolombianadeposgrados.org\/web\/?s={search_term_string}"},"query-input":{"@type":"PropertyValueSpecification","valueRequired":true,"valueName":"search_term_string"}}],"inLanguage":"es-CO"},{"@type":"Organization","@id":"https:\/\/redcolombianadeposgrados.org\/web\/#organization","name":"Red Colombiana de Posgrados","url":"https:\/\/redcolombianadeposgrados.org\/web\/","logo":{"@type":"ImageObject","inLanguage":"es-CO","@id":"https:\/\/redcolombianadeposgrados.org\/web\/#\/schema\/logo\/image\/","url":"https:\/\/redcolombianadeposgrados.org\/web\/wp-content\/uploads\/2023\/04\/logo-rcp-web.png","contentUrl":"https:\/\/redcolombianadeposgrados.org\/web\/wp-content\/uploads\/2023\/04\/logo-rcp-web.png","width":600,"height":182,"caption":"Red Colombiana de Posgrados"},"image":{"@id":"https:\/\/redcolombianadeposgrados.org\/web\/#\/schema\/logo\/image\/"},"sameAs":["https:\/\/www.facebook.com\/ReddePosgrados\/","https:\/\/x.com\/ReddePosgrados","https:\/\/www.instagram.com\/redcolombianadeposgrados\/","https:\/\/www.linkedin.com\/in\/red-colombiana-de-posgrados-46b431196\/","https:\/\/www.youtube.com\/channel\/UCQ4uQlN_Xa4QYR709vqkyJw"]}]}},"rttpg_featured_image_url":null,"rttpg_author":{"display_name":"admin.rcp","author_link":"https:\/\/redcolombianadeposgrados.org\/web\/author\/webmaster\/"},"rttpg_comment":0,"rttpg_category":null,"rttpg_excerpt":"Nuevos Asociados \u00bfPor qu\u00e9 ser parte de la Red? Genera la reflexi\u00f3n de los directivos, gestores y acad\u00e9micos de las instituciones de educaci\u00f3n superior sobre temas, problemas y necesidades que afectan la educaci\u00f3n posgradual en Colombia. Interact\u00faa con el gobierno nacional sobre la definici\u00f3n de pol\u00edtica y proyectos de posgrados, as\u00ed como en temas de&hellip;","_links":{"self":[{"href":"https:\/\/redcolombianadeposgrados.org\/web\/wp-json\/wp\/v2\/pages\/484","targetHints":{"allow":["GET"]}}],"collection":[{"href":"https:\/\/redcolombianadeposgrados.org\/web\/wp-json\/wp\/v2\/pages"}],"about":[{"href":"https:\/\/redcolombianadeposgrados.org\/web\/wp-json\/wp\/v2\/types\/page"}],"author":[{"embeddable":true,"href":"https:\/\/redcolombianadeposgrados.org\/web\/wp-json\/wp\/v2\/users\/1"}],"replies":[{"embeddable":true,"href":"https:\/\/redcolombianadeposgrados.org\/web\/wp-json\/wp\/v2\/comments?post=484"}],"version-history":[{"count":36,"href":"https:\/\/redcolombianadeposgrados.org\/web\/wp-json\/wp\/v2\/pages\/484\/revisions"}],"predecessor-version":[{"id":5546,"href":"https:\/\/redcolombianadeposgrados.org\/web\/wp-json\/wp\/v2\/pages\/484\/revisions\/5546"}],"wp:attachment":[{"href":"https:\/\/redcolombianadeposgrados.org\/web\/wp-json\/wp\/v2\/media?parent=484"}],"curies":[{"name":"wp","href":"https:\/\/api.w.org\/{rel}","templated":true}]}}