{"id":5574,"date":"2025-01-17T15:57:46","date_gmt":"2025-01-17T20:57:46","guid":{"rendered":"https:\/\/redcolombianadeposgrados.org\/web\/?page_id=5574"},"modified":"2025-01-21T09:57:42","modified_gmt":"2025-01-21T14:57:42","slug":"becas","status":"publish","type":"page","link":"https:\/\/redcolombianadeposgrados.org\/web\/becas\/","title":{"rendered":"Becas"},"content":{"rendered":"\t\t<div data-elementor-type=\"wp-page\" data-elementor-id=\"5574\" class=\"elementor elementor-5574\" data-elementor-post-type=\"page\">\n\t\t\t\t\t\t<section class=\"elementor-section elementor-top-section elementor-element elementor-element-acbcb5b elementor-section-full_width elementor-section-height-default elementor-section-height-default\" data-id=\"acbcb5b\" data-element_type=\"section\" data-settings=\"{&quot;background_background&quot;:&quot;classic&quot;}\">\n\t\t\t\t\t\t<div class=\"elementor-container elementor-column-gap-default\">\n\t\t\t\t\t<div class=\"elementor-column elementor-col-100 elementor-top-column elementor-element elementor-element-6421077\" data-id=\"6421077\" data-element_type=\"column\">\n\t\t\t<div class=\"elementor-widget-wrap elementor-element-populated\">\n\t\t\t\t\t\t<section class=\"elementor-section elementor-inner-section elementor-element elementor-element-4aec20d elementor-section-full_width elementor-section-height-min-height elementor-section-height-default\" data-id=\"4aec20d\" data-element_type=\"section\" data-settings=\"{&quot;background_background&quot;:&quot;classic&quot;}\">\n\t\t\t\t\t\t<div class=\"elementor-container elementor-column-gap-default\">\n\t\t\t\t\t<div class=\"elementor-column elementor-col-100 elementor-inner-column elementor-element elementor-element-bb6b0f8\" data-id=\"bb6b0f8\" data-element_type=\"column\">\n\t\t\t<div class=\"elementor-widget-wrap\">\n\t\t\t\t\t\t\t<\/div>\n\t\t<\/div>\n\t\t\t\t\t<\/div>\n\t\t<\/section>\n\t\t\t\t<section class=\"elementor-section elementor-inner-section elementor-element elementor-element-c00c4f9 elementor-section-full_width elementor-section-height-min-height elementor-section-height-default\" data-id=\"c00c4f9\" data-element_type=\"section\" data-settings=\"{&quot;background_background&quot;:&quot;classic&quot;}\">\n\t\t\t\t\t\t\t<div class=\"elementor-background-overlay\"><\/div>\n\t\t\t\t\t\t\t<div class=\"elementor-container elementor-column-gap-default\">\n\t\t\t\t\t<div class=\"elementor-column elementor-col-100 elementor-inner-column elementor-element elementor-element-debb74d\" data-id=\"debb74d\" data-element_type=\"column\">\n\t\t\t<div class=\"elementor-widget-wrap\">\n\t\t\t\t\t\t\t<\/div>\n\t\t<\/div>\n\t\t\t\t\t<\/div>\n\t\t<\/section>\n\t\t\t\t\t<\/div>\n\t\t<\/div>\n\t\t\t\t\t<\/div>\n\t\t<\/section>\n\t\t\t\t<section class=\"elementor-section elementor-top-section elementor-element elementor-element-6d7ac3e9 elementor-section-boxed elementor-section-height-default elementor-section-height-default\" data-id=\"6d7ac3e9\" data-element_type=\"section\">\n\t\t\t\t\t\t<div class=\"elementor-container elementor-column-gap-default\">\n\t\t\t\t\t<div class=\"elementor-column elementor-col-50 elementor-top-column elementor-element elementor-element-37d7323b elementor-hidden-tablet\" data-id=\"37d7323b\" data-element_type=\"column\" data-settings=\"{&quot;background_background&quot;:&quot;classic&quot;}\">\n\t\t\t<div class=\"elementor-widget-wrap elementor-element-populated\">\n\t\t\t\t\t\t<div class=\"elementor-element elementor-element-135614db elementor-widget elementor-widget-image\" data-id=\"135614db\" data-element_type=\"widget\" data-widget_type=\"image.default\">\n\t\t\t\t<div class=\"elementor-widget-container\">\n\t\t\t\t\t\t\t\t\t\t\t\t\t\t\t<img fetchpriority=\"high\" decoding=\"async\" width=\"645\" height=\"474\" src=\"https:\/\/redcolombianadeposgrados.org\/web\/wp-content\/uploads\/2025\/01\/0000_RCP.jpg\" class=\"attachment-large size-large wp-image-5653\" alt=\"\" srcset=\"https:\/\/redcolombianadeposgrados.org\/web\/wp-content\/uploads\/2025\/01\/0000_RCP.jpg 645w, https:\/\/redcolombianadeposgrados.org\/web\/wp-content\/uploads\/2025\/01\/0000_RCP-300x220.jpg 300w\" sizes=\"(max-width: 645px) 100vw, 645px\" \/>\t\t\t\t\t\t\t\t\t\t\t\t\t\t\t<\/div>\n\t\t\t\t<\/div>\n\t\t\t\t\t<\/div>\n\t\t<\/div>\n\t\t\t\t<div class=\"elementor-column elementor-col-50 elementor-top-column elementor-element elementor-element-712c1c16\" data-id=\"712c1c16\" data-element_type=\"column\">\n\t\t\t<div class=\"elementor-widget-wrap elementor-element-populated\">\n\t\t\t\t\t\t<div class=\"elementor-element elementor-element-65bc12a8 elementor-widget elementor-widget-heading\" data-id=\"65bc12a8\" data-element_type=\"widget\" data-widget_type=\"heading.default\">\n\t\t\t\t<div class=\"elementor-widget-container\">\n\t\t\t\t\t<h2 class=\"elementor-heading-title elementor-size-default\">Becas<\/h2>\t\t\t\t<\/div>\n\t\t\t\t<\/div>\n\t\t\t\t<div class=\"elementor-element elementor-element-2e90cf55 elementor-widget elementor-widget-text-editor\" data-id=\"2e90cf55\" data-element_type=\"widget\" data-widget_type=\"text-editor.default\">\n\t\t\t\t<div class=\"elementor-widget-container\">\n\t\t\t\t\t\t\t\t\t<p>Creemos en el poder transformador de la educaci\u00f3n y el acceso equitativo al conocimiento. En esta secci\u00f3n, encontrar\u00e1s informaci\u00f3n sobre los programas de becas que ofrecemos, dise\u00f1ados para apoyar a estudiantes talentosos y comprometidos. Descubre c\u00f3mo puedes acceder a estas oportunidades y formar parte de nuestra comunidad acad\u00e9mica.<\/p>\t\t\t\t\t\t\t\t<\/div>\n\t\t\t\t<\/div>\n\t\t\t\t\t<\/div>\n\t\t<\/div>\n\t\t\t\t\t<\/div>\n\t\t<\/section>\n\t\t\t\t<section class=\"elementor-section elementor-top-section elementor-element elementor-element-2c2eaf5 elementor-section-boxed elementor-section-height-default elementor-section-height-default\" data-id=\"2c2eaf5\" data-element_type=\"section\">\n\t\t\t\t\t\t<div class=\"elementor-container elementor-column-gap-default\">\n\t\t\t\t\t<div class=\"elementor-column elementor-col-33 elementor-top-column elementor-element elementor-element-bda5e61\" data-id=\"bda5e61\" data-element_type=\"column\">\n\t\t\t<div class=\"elementor-widget-wrap elementor-element-populated\">\n\t\t\t\t\t\t<div class=\"elementor-element elementor-element-cb393bb elementor-widget elementor-widget-image\" data-id=\"cb393bb\" data-element_type=\"widget\" data-widget_type=\"image.default\">\n\t\t\t\t<div class=\"elementor-widget-container\">\n\t\t\t\t\t\t\t\t\t\t\t\t\t\t\t\t<a href=\"https:\/\/www.auip.org\/es\/becasauip\" target=\"_blank\">\n\t\t\t\t\t\t\t<img decoding=\"async\" width=\"243\" height=\"188\" src=\"https:\/\/redcolombianadeposgrados.org\/web\/wp-content\/uploads\/2025\/01\/Auip.jpg\" class=\"elementor-animation-shrink attachment-full size-full wp-image-5695\" alt=\"\" \/>\t\t\t\t\t\t\t\t<\/a>\n\t\t\t\t\t\t\t\t\t\t\t\t\t\t\t<\/div>\n\t\t\t\t<\/div>\n\t\t\t\t\t<\/div>\n\t\t<\/div>\n\t\t\t\t<div class=\"elementor-column elementor-col-33 elementor-top-column elementor-element elementor-element-d69d641\" data-id=\"d69d641\" data-element_type=\"column\">\n\t\t\t<div class=\"elementor-widget-wrap elementor-element-populated\">\n\t\t\t\t\t\t<div class=\"elementor-element elementor-element-b56d756 elementor-widget elementor-widget-image\" data-id=\"b56d756\" data-element_type=\"widget\" data-widget_type=\"image.default\">\n\t\t\t\t<div class=\"elementor-widget-container\">\n\t\t\t\t\t\t\t\t\t\t\t\t\t\t\t\t<a href=\"https:\/\/fulbright.edu.co\/convocatoria-abierta\/\" target=\"_blank\">\n\t\t\t\t\t\t\t<img decoding=\"async\" width=\"243\" height=\"188\" src=\"https:\/\/redcolombianadeposgrados.org\/web\/wp-content\/uploads\/2025\/01\/Fulbright.jpg\" class=\"elementor-animation-shrink attachment-large size-large wp-image-5696\" alt=\"\" \/>\t\t\t\t\t\t\t\t<\/a>\n\t\t\t\t\t\t\t\t\t\t\t\t\t\t\t<\/div>\n\t\t\t\t<\/div>\n\t\t\t\t\t<\/div>\n\t\t<\/div>\n\t\t\t\t<div class=\"elementor-column elementor-col-33 elementor-top-column elementor-element elementor-element-0fc7d97\" data-id=\"0fc7d97\" data-element_type=\"column\">\n\t\t\t<div class=\"elementor-widget-wrap elementor-element-populated\">\n\t\t\t\t\t\t<div class=\"elementor-element elementor-element-be14676 elementor-widget elementor-widget-image\" data-id=\"be14676\" data-element_type=\"widget\" data-widget_type=\"image.default\">\n\t\t\t\t<div class=\"elementor-widget-container\">\n\t\t\t\t\t\t\t\t\t\t\t\t\t\t\t\t<a href=\"https:\/\/gestion.fundacioncarolina.es\/programas\" target=\"_blank\">\n\t\t\t\t\t\t\t<img loading=\"lazy\" decoding=\"async\" width=\"243\" height=\"188\" src=\"https:\/\/redcolombianadeposgrados.org\/web\/wp-content\/uploads\/2025\/01\/Fundacion-Carolina.jpg\" class=\"elementor-animation-shrink attachment-large size-large wp-image-5697\" alt=\"\" \/>\t\t\t\t\t\t\t\t<\/a>\n\t\t\t\t\t\t\t\t\t\t\t\t\t\t\t<\/div>\n\t\t\t\t<\/div>\n\t\t\t\t\t<\/div>\n\t\t<\/div>\n\t\t\t\t\t<\/div>\n\t\t<\/section>\n\t\t\t\t<section class=\"elementor-section elementor-top-section elementor-element elementor-element-bf7eea3 elementor-section-boxed elementor-section-height-default elementor-section-height-default\" data-id=\"bf7eea3\" data-element_type=\"section\">\n\t\t\t\t\t\t<div class=\"elementor-container elementor-column-gap-default\">\n\t\t\t\t\t<div class=\"elementor-column elementor-col-33 elementor-top-column elementor-element elementor-element-401bb40\" data-id=\"401bb40\" data-element_type=\"column\">\n\t\t\t<div class=\"elementor-widget-wrap elementor-element-populated\">\n\t\t\t\t\t\t<div class=\"elementor-element elementor-element-b265d69 elementor-widget elementor-widget-image\" data-id=\"b265d69\" data-element_type=\"widget\" data-widget_type=\"image.default\">\n\t\t\t\t<div class=\"elementor-widget-container\">\n\t\t\t\t\t\t\t\t\t\t\t\t\t\t\t\t<a href=\"https:\/\/www.colfuturo.org\/programas\/credito-beca\/informacion-general\" target=\"_blank\">\n\t\t\t\t\t\t\t<img loading=\"lazy\" decoding=\"async\" width=\"243\" height=\"188\" src=\"https:\/\/redcolombianadeposgrados.org\/web\/wp-content\/uploads\/2025\/01\/Colfuturo.jpg\" class=\"elementor-animation-shrink attachment-large size-large wp-image-5698\" alt=\"\" \/>\t\t\t\t\t\t\t\t<\/a>\n\t\t\t\t\t\t\t\t\t\t\t\t\t\t\t<\/div>\n\t\t\t\t<\/div>\n\t\t\t\t\t<\/div>\n\t\t<\/div>\n\t\t\t\t<div class=\"elementor-column elementor-col-33 elementor-top-column elementor-element elementor-element-f8dba01\" data-id=\"f8dba01\" data-element_type=\"column\">\n\t\t\t<div class=\"elementor-widget-wrap elementor-element-populated\">\n\t\t\t\t\t\t<div class=\"elementor-element elementor-element-3ecf10e elementor-widget elementor-widget-image\" data-id=\"3ecf10e\" data-element_type=\"widget\" data-widget_type=\"image.default\">\n\t\t\t\t<div class=\"elementor-widget-container\">\n\t\t\t\t\t\t\t\t\t\t\t\t\t\t\t\t<a href=\"https:\/\/www.faae.org.co\/colombiabiodiversa\/instrucciones-para-la-aplicacion\/\" target=\"_blank\">\n\t\t\t\t\t\t\t<img loading=\"lazy\" decoding=\"async\" width=\"243\" height=\"188\" src=\"https:\/\/redcolombianadeposgrados.org\/web\/wp-content\/uploads\/2025\/01\/Fundacion-Alejandro-Angel-Escobar.jpg\" class=\"elementor-animation-shrink attachment-large size-large wp-image-5699\" alt=\"\" \/>\t\t\t\t\t\t\t\t<\/a>\n\t\t\t\t\t\t\t\t\t\t\t\t\t\t\t<\/div>\n\t\t\t\t<\/div>\n\t\t\t\t\t<\/div>\n\t\t<\/div>\n\t\t\t\t<div class=\"elementor-column elementor-col-33 elementor-top-column elementor-element elementor-element-7035376\" data-id=\"7035376\" data-element_type=\"column\">\n\t\t\t<div class=\"elementor-widget-wrap elementor-element-populated\">\n\t\t\t\t\t\t<div class=\"elementor-element elementor-element-3625b8f elementor-widget elementor-widget-image\" data-id=\"3625b8f\" data-element_type=\"widget\" data-widget_type=\"image.default\">\n\t\t\t\t<div class=\"elementor-widget-container\">\n\t\t\t\t\t\t\t\t\t\t\t\t\t\t\t\t<a href=\"https:\/\/web.icetex.gov.co\/es\/-\/2023-becas-maestria-doctorado-y-o-investigacion\" target=\"_blank\">\n\t\t\t\t\t\t\t<img loading=\"lazy\" decoding=\"async\" width=\"243\" height=\"188\" src=\"https:\/\/redcolombianadeposgrados.org\/web\/wp-content\/uploads\/2025\/01\/ICETEX.jpg\" class=\"elementor-animation-shrink attachment-large size-large wp-image-5700\" alt=\"\" \/>\t\t\t\t\t\t\t\t<\/a>\n\t\t\t\t\t\t\t\t\t\t\t\t\t\t\t<\/div>\n\t\t\t\t<\/div>\n\t\t\t\t\t<\/div>\n\t\t<\/div>\n\t\t\t\t\t<\/div>\n\t\t<\/section>\n\t\t\t\t<section class=\"elementor-section elementor-top-section elementor-element elementor-element-70190dc elementor-section-boxed elementor-section-height-default elementor-section-height-default\" data-id=\"70190dc\" data-element_type=\"section\">\n\t\t\t\t\t\t<div class=\"elementor-container elementor-column-gap-default\">\n\t\t\t\t\t<div class=\"elementor-column elementor-col-100 elementor-top-column elementor-element elementor-element-05ae8f5\" data-id=\"05ae8f5\" data-element_type=\"column\">\n\t\t\t<div class=\"elementor-widget-wrap elementor-element-populated\">\n\t\t\t\t\t\t<div class=\"elementor-element elementor-element-820e5d1 elementor-widget elementor-widget-spacer\" data-id=\"820e5d1\" data-element_type=\"widget\" data-widget_type=\"spacer.default\">\n\t\t\t\t<div class=\"elementor-widget-container\">\n\t\t\t\t\t\t\t<div class=\"elementor-spacer\">\n\t\t\t<div class=\"elementor-spacer-inner\"><\/div>\n\t\t<\/div>\n\t\t\t\t\t\t<\/div>\n\t\t\t\t<\/div>\n\t\t\t\t\t<\/div>\n\t\t<\/div>\n\t\t\t\t\t<\/div>\n\t\t<\/section>\n\t\t\t\t<\/div>\n\t\t","protected":false},"excerpt":{"rendered":"<p>Becas Creemos en el poder transformador de la educaci\u00f3n y el acceso equitativo al conocimiento. En esta secci\u00f3n, encontrar\u00e1s informaci\u00f3n sobre los programas de becas que ofrecemos, dise\u00f1ados para apoyar a estudiantes talentosos y comprometidos. Descubre c\u00f3mo puedes acceder a estas oportunidades y formar parte de nuestra comunidad acad\u00e9mica.<\/p>\n","protected":false},"author":3,"featured_media":0,"parent":0,"menu_order":0,"comment_status":"closed","ping_status":"closed","template":"","meta":{"footnotes":""},"class_list":["post-5574","page","type-page","status-publish","hentry"],"yoast_head":"<!-- This site is optimized with the Yoast SEO plugin v27.4 - https:\/\/yoast.com\/product\/yoast-seo-wordpress\/ -->\n<title>Becas - Red Colombiana de Posgrados<\/title>\n<meta name=\"robots\" content=\"index, follow, max-snippet:-1, max-image-preview:large, max-video-preview:-1\" \/>\n<link rel=\"canonical\" href=\"https:\/\/redcolombianadeposgrados.org\/web\/becas\/\" \/>\n<meta property=\"og:locale\" content=\"es_ES\" \/>\n<meta property=\"og:type\" content=\"article\" \/>\n<meta property=\"og:title\" content=\"Becas - Red Colombiana de Posgrados\" \/>\n<meta property=\"og:description\" content=\"Becas Creemos en el poder transformador de la educaci\u00f3n y el acceso equitativo al conocimiento. En esta secci\u00f3n, encontrar\u00e1s informaci\u00f3n sobre los programas de becas que ofrecemos, dise\u00f1ados para apoyar a estudiantes talentosos y comprometidos. Descubre c\u00f3mo puedes acceder a estas oportunidades y formar parte de nuestra comunidad acad\u00e9mica.\" \/>\n<meta property=\"og:url\" content=\"https:\/\/redcolombianadeposgrados.org\/web\/becas\/\" \/>\n<meta property=\"og:site_name\" content=\"Red Colombiana de Posgrados\" \/>\n<meta property=\"article:publisher\" content=\"https:\/\/www.facebook.com\/ReddePosgrados\/\" \/>\n<meta property=\"article:modified_time\" content=\"2025-01-21T14:57:42+00:00\" \/>\n<meta property=\"og:image\" content=\"https:\/\/redcolombianadeposgrados.org\/web\/wp-content\/uploads\/2025\/01\/0000_RCP.jpg\" \/>\n<meta name=\"twitter:card\" content=\"summary_large_image\" \/>\n<meta name=\"twitter:site\" content=\"@ReddePosgrados\" \/>\n<meta name=\"twitter:label1\" content=\"Tiempo de lectura\" \/>\n\t<meta name=\"twitter:data1\" content=\"2 minutos\" \/>\n<script type=\"application\/ld+json\" class=\"yoast-schema-graph\">{\"@context\":\"https:\\\/\\\/schema.org\",\"@graph\":[{\"@type\":\"WebPage\",\"@id\":\"https:\\\/\\\/redcolombianadeposgrados.org\\\/web\\\/becas\\\/\",\"url\":\"https:\\\/\\\/redcolombianadeposgrados.org\\\/web\\\/becas\\\/\",\"name\":\"Becas - Red Colombiana de Posgrados\",\"isPartOf\":{\"@id\":\"https:\\\/\\\/redcolombianadeposgrados.org\\\/web\\\/#website\"},\"primaryImageOfPage\":{\"@id\":\"https:\\\/\\\/redcolombianadeposgrados.org\\\/web\\\/becas\\\/#primaryimage\"},\"image\":{\"@id\":\"https:\\\/\\\/redcolombianadeposgrados.org\\\/web\\\/becas\\\/#primaryimage\"},\"thumbnailUrl\":\"https:\\\/\\\/redcolombianadeposgrados.org\\\/web\\\/wp-content\\\/uploads\\\/2025\\\/01\\\/0000_RCP.jpg\",\"datePublished\":\"2025-01-17T20:57:46+00:00\",\"dateModified\":\"2025-01-21T14:57:42+00:00\",\"breadcrumb\":{\"@id\":\"https:\\\/\\\/redcolombianadeposgrados.org\\\/web\\\/becas\\\/#breadcrumb\"},\"inLanguage\":\"es-CO\",\"potentialAction\":[{\"@type\":\"ReadAction\",\"target\":[\"https:\\\/\\\/redcolombianadeposgrados.org\\\/web\\\/becas\\\/\"]}]},{\"@type\":\"ImageObject\",\"inLanguage\":\"es-CO\",\"@id\":\"https:\\\/\\\/redcolombianadeposgrados.org\\\/web\\\/becas\\\/#primaryimage\",\"url\":\"https:\\\/\\\/redcolombianadeposgrados.org\\\/web\\\/wp-content\\\/uploads\\\/2025\\\/01\\\/0000_RCP.jpg\",\"contentUrl\":\"https:\\\/\\\/redcolombianadeposgrados.org\\\/web\\\/wp-content\\\/uploads\\\/2025\\\/01\\\/0000_RCP.jpg\",\"width\":645,\"height\":474},{\"@type\":\"BreadcrumbList\",\"@id\":\"https:\\\/\\\/redcolombianadeposgrados.org\\\/web\\\/becas\\\/#breadcrumb\",\"itemListElement\":[{\"@type\":\"ListItem\",\"position\":1,\"name\":\"Inicio\",\"item\":\"https:\\\/\\\/redcolombianadeposgrados.org\\\/web\\\/\"},{\"@type\":\"ListItem\",\"position\":2,\"name\":\"Becas\"}]},{\"@type\":\"WebSite\",\"@id\":\"https:\\\/\\\/redcolombianadeposgrados.org\\\/web\\\/#website\",\"url\":\"https:\\\/\\\/redcolombianadeposgrados.org\\\/web\\\/\",\"name\":\"Red Colombiana de Posgrados\",\"description\":\"RCP\",\"publisher\":{\"@id\":\"https:\\\/\\\/redcolombianadeposgrados.org\\\/web\\\/#organization\"},\"potentialAction\":[{\"@type\":\"SearchAction\",\"target\":{\"@type\":\"EntryPoint\",\"urlTemplate\":\"https:\\\/\\\/redcolombianadeposgrados.org\\\/web\\\/?s={search_term_string}\"},\"query-input\":{\"@type\":\"PropertyValueSpecification\",\"valueRequired\":true,\"valueName\":\"search_term_string\"}}],\"inLanguage\":\"es-CO\"},{\"@type\":\"Organization\",\"@id\":\"https:\\\/\\\/redcolombianadeposgrados.org\\\/web\\\/#organization\",\"name\":\"Red Colombiana de Posgrados\",\"url\":\"https:\\\/\\\/redcolombianadeposgrados.org\\\/web\\\/\",\"logo\":{\"@type\":\"ImageObject\",\"inLanguage\":\"es-CO\",\"@id\":\"https:\\\/\\\/redcolombianadeposgrados.org\\\/web\\\/#\\\/schema\\\/logo\\\/image\\\/\",\"url\":\"https:\\\/\\\/redcolombianadeposgrados.org\\\/web\\\/wp-content\\\/uploads\\\/2023\\\/04\\\/logo-rcp-web.png\",\"contentUrl\":\"https:\\\/\\\/redcolombianadeposgrados.org\\\/web\\\/wp-content\\\/uploads\\\/2023\\\/04\\\/logo-rcp-web.png\",\"width\":600,\"height\":182,\"caption\":\"Red Colombiana de Posgrados\"},\"image\":{\"@id\":\"https:\\\/\\\/redcolombianadeposgrados.org\\\/web\\\/#\\\/schema\\\/logo\\\/image\\\/\"},\"sameAs\":[\"https:\\\/\\\/www.facebook.com\\\/ReddePosgrados\\\/\",\"https:\\\/\\\/x.com\\\/ReddePosgrados\",\"https:\\\/\\\/www.instagram.com\\\/redcolombianadeposgrados\\\/\",\"https:\\\/\\\/www.linkedin.com\\\/in\\\/red-colombiana-de-posgrados-46b431196\\\/\",\"https:\\\/\\\/www.youtube.com\\\/channel\\\/UCQ4uQlN_Xa4QYR709vqkyJw\"]}]}<\/script>\n<!-- \/ Yoast SEO plugin. -->","yoast_head_json":{"title":"Becas - Red Colombiana de Posgrados","robots":{"index":"index","follow":"follow","max-snippet":"max-snippet:-1","max-image-preview":"max-image-preview:large","max-video-preview":"max-video-preview:-1"},"canonical":"https:\/\/redcolombianadeposgrados.org\/web\/becas\/","og_locale":"es_ES","og_type":"article","og_title":"Becas - Red Colombiana de Posgrados","og_description":"Becas Creemos en el poder transformador de la educaci\u00f3n y el acceso equitativo al conocimiento. En esta secci\u00f3n, encontrar\u00e1s informaci\u00f3n sobre los programas de becas que ofrecemos, dise\u00f1ados para apoyar a estudiantes talentosos y comprometidos. Descubre c\u00f3mo puedes acceder a estas oportunidades y formar parte de nuestra comunidad acad\u00e9mica.","og_url":"https:\/\/redcolombianadeposgrados.org\/web\/becas\/","og_site_name":"Red Colombiana de Posgrados","article_publisher":"https:\/\/www.facebook.com\/ReddePosgrados\/","article_modified_time":"2025-01-21T14:57:42+00:00","og_image":[{"url":"https:\/\/redcolombianadeposgrados.org\/web\/wp-content\/uploads\/2025\/01\/0000_RCP.jpg","type":"","width":"","height":""}],"twitter_card":"summary_large_image","twitter_site":"@ReddePosgrados","twitter_misc":{"Tiempo de lectura":"2 minutos"},"schema":{"@context":"https:\/\/schema.org","@graph":[{"@type":"WebPage","@id":"https:\/\/redcolombianadeposgrados.org\/web\/becas\/","url":"https:\/\/redcolombianadeposgrados.org\/web\/becas\/","name":"Becas - Red Colombiana de Posgrados","isPartOf":{"@id":"https:\/\/redcolombianadeposgrados.org\/web\/#website"},"primaryImageOfPage":{"@id":"https:\/\/redcolombianadeposgrados.org\/web\/becas\/#primaryimage"},"image":{"@id":"https:\/\/redcolombianadeposgrados.org\/web\/becas\/#primaryimage"},"thumbnailUrl":"https:\/\/redcolombianadeposgrados.org\/web\/wp-content\/uploads\/2025\/01\/0000_RCP.jpg","datePublished":"2025-01-17T20:57:46+00:00","dateModified":"2025-01-21T14:57:42+00:00","breadcrumb":{"@id":"https:\/\/redcolombianadeposgrados.org\/web\/becas\/#breadcrumb"},"inLanguage":"es-CO","potentialAction":[{"@type":"ReadAction","target":["https:\/\/redcolombianadeposgrados.org\/web\/becas\/"]}]},{"@type":"ImageObject","inLanguage":"es-CO","@id":"https:\/\/redcolombianadeposgrados.org\/web\/becas\/#primaryimage","url":"https:\/\/redcolombianadeposgrados.org\/web\/wp-content\/uploads\/2025\/01\/0000_RCP.jpg","contentUrl":"https:\/\/redcolombianadeposgrados.org\/web\/wp-content\/uploads\/2025\/01\/0000_RCP.jpg","width":645,"height":474},{"@type":"BreadcrumbList","@id":"https:\/\/redcolombianadeposgrados.org\/web\/becas\/#breadcrumb","itemListElement":[{"@type":"ListItem","position":1,"name":"Inicio","item":"https:\/\/redcolombianadeposgrados.org\/web\/"},{"@type":"ListItem","position":2,"name":"Becas"}]},{"@type":"WebSite","@id":"https:\/\/redcolombianadeposgrados.org\/web\/#website","url":"https:\/\/redcolombianadeposgrados.org\/web\/","name":"Red Colombiana de Posgrados","description":"RCP","publisher":{"@id":"https:\/\/redcolombianadeposgrados.org\/web\/#organization"},"potentialAction":[{"@type":"SearchAction","target":{"@type":"EntryPoint","urlTemplate":"https:\/\/redcolombianadeposgrados.org\/web\/?s={search_term_string}"},"query-input":{"@type":"PropertyValueSpecification","valueRequired":true,"valueName":"search_term_string"}}],"inLanguage":"es-CO"},{"@type":"Organization","@id":"https:\/\/redcolombianadeposgrados.org\/web\/#organization","name":"Red Colombiana de Posgrados","url":"https:\/\/redcolombianadeposgrados.org\/web\/","logo":{"@type":"ImageObject","inLanguage":"es-CO","@id":"https:\/\/redcolombianadeposgrados.org\/web\/#\/schema\/logo\/image\/","url":"https:\/\/redcolombianadeposgrados.org\/web\/wp-content\/uploads\/2023\/04\/logo-rcp-web.png","contentUrl":"https:\/\/redcolombianadeposgrados.org\/web\/wp-content\/uploads\/2023\/04\/logo-rcp-web.png","width":600,"height":182,"caption":"Red Colombiana de Posgrados"},"image":{"@id":"https:\/\/redcolombianadeposgrados.org\/web\/#\/schema\/logo\/image\/"},"sameAs":["https:\/\/www.facebook.com\/ReddePosgrados\/","https:\/\/x.com\/ReddePosgrados","https:\/\/www.instagram.com\/redcolombianadeposgrados\/","https:\/\/www.linkedin.com\/in\/red-colombiana-de-posgrados-46b431196\/","https:\/\/www.youtube.com\/channel\/UCQ4uQlN_Xa4QYR709vqkyJw"]}]}},"rttpg_featured_image_url":null,"rttpg_author":{"display_name":"Uriel Gomez","author_link":"https:\/\/redcolombianadeposgrados.org\/web\/author\/uriel-gomez\/"},"rttpg_comment":0,"rttpg_category":null,"rttpg_excerpt":"Becas Creemos en el poder transformador de la educaci\u00f3n y el acceso equitativo al conocimiento. En esta secci\u00f3n, encontrar\u00e1s informaci\u00f3n sobre los programas de becas que ofrecemos, dise\u00f1ados para apoyar a estudiantes talentosos y comprometidos. Descubre c\u00f3mo puedes acceder a estas oportunidades y formar parte de nuestra comunidad acad\u00e9mica.","_links":{"self":[{"href":"https:\/\/redcolombianadeposgrados.org\/web\/wp-json\/wp\/v2\/pages\/5574","targetHints":{"allow":["GET"]}}],"collection":[{"href":"https:\/\/redcolombianadeposgrados.org\/web\/wp-json\/wp\/v2\/pages"}],"about":[{"href":"https:\/\/redcolombianadeposgrados.org\/web\/wp-json\/wp\/v2\/types\/page"}],"author":[{"embeddable":true,"href":"https:\/\/redcolombianadeposgrados.org\/web\/wp-json\/wp\/v2\/users\/3"}],"replies":[{"embeddable":true,"href":"https:\/\/redcolombianadeposgrados.org\/web\/wp-json\/wp\/v2\/comments?post=5574"}],"version-history":[{"count":11,"href":"https:\/\/redcolombianadeposgrados.org\/web\/wp-json\/wp\/v2\/pages\/5574\/revisions"}],"predecessor-version":[{"id":5703,"href":"https:\/\/redcolombianadeposgrados.org\/web\/wp-json\/wp\/v2\/pages\/5574\/revisions\/5703"}],"wp:attachment":[{"href":"https:\/\/redcolombianadeposgrados.org\/web\/wp-json\/wp\/v2\/media?parent=5574"}],"curies":[{"name":"wp","href":"https:\/\/api.w.org\/{rel}","templated":true}]}}