{"id":6670,"date":"2025-04-24T17:28:16","date_gmt":"2025-04-24T22:28:16","guid":{"rendered":"https:\/\/redcolombianadeposgrados.org\/web\/?page_id=6670"},"modified":"2025-04-24T17:39:47","modified_gmt":"2025-04-24T22:39:47","slug":"relatoria","status":"publish","type":"page","link":"https:\/\/redcolombianadeposgrados.org\/web\/congreso-2025\/relatoria\/","title":{"rendered":"Relator\u00eda"},"content":{"rendered":"\t\t<div data-elementor-type=\"wp-page\" data-elementor-id=\"6670\" class=\"elementor elementor-6670\" data-elementor-post-type=\"page\">\n\t\t\t\t\t\t<section class=\"elementor-section elementor-top-section elementor-element elementor-element-o7lcu4h elementor-section-boxed elementor-section-height-default elementor-section-height-default\" data-id=\"o7lcu4h\" data-element_type=\"section\" data-settings=\"{&quot;background_background&quot;:&quot;classic&quot;}\">\n\t\t\t\t\t\t\t<div class=\"elementor-background-overlay\"><\/div>\n\t\t\t\t\t\t\t<div class=\"elementor-container elementor-column-gap-default\">\n\t\t\t\t\t<div class=\"elementor-column elementor-col-100 elementor-top-column elementor-element elementor-element-296d9b2\" data-id=\"296d9b2\" data-element_type=\"column\">\n\t\t\t<div class=\"elementor-widget-wrap elementor-element-populated\">\n\t\t\t\t\t\t<div class=\"elementor-element elementor-element-2d4e531 elementor-widget elementor-widget-heading\" data-id=\"2d4e531\" data-element_type=\"widget\" data-widget_type=\"heading.default\">\n\t\t\t\t<div class=\"elementor-widget-container\">\n\t\t\t\t\t<h1 class=\"elementor-heading-title elementor-size-default\">Memorias Congreso 2025<\/h1>\t\t\t\t<\/div>\n\t\t\t\t<\/div>\n\t\t\t\t<div class=\"elementor-element elementor-element-5bec6ff elementor-widget-divider--view-line elementor-widget elementor-widget-divider\" data-id=\"5bec6ff\" data-element_type=\"widget\" data-widget_type=\"divider.default\">\n\t\t\t\t<div class=\"elementor-widget-container\">\n\t\t\t\t\t\t\t<div class=\"elementor-divider\">\n\t\t\t<span class=\"elementor-divider-separator\">\n\t\t\t\t\t\t<\/span>\n\t\t<\/div>\n\t\t\t\t\t\t<\/div>\n\t\t\t\t<\/div>\n\t\t\t\t\t<\/div>\n\t\t<\/div>\n\t\t\t\t\t<\/div>\n\t\t<\/section>\n\t\t\t\t<section class=\"elementor-section elementor-top-section elementor-element elementor-element-3f39251f elementor-section-boxed elementor-section-height-default elementor-section-height-default\" data-id=\"3f39251f\" data-element_type=\"section\">\n\t\t\t\t\t\t<div class=\"elementor-container elementor-column-gap-default\">\n\t\t\t\t\t<div class=\"elementor-column elementor-col-50 elementor-top-column elementor-element elementor-element-5174ede2\" data-id=\"5174ede2\" data-element_type=\"column\">\n\t\t\t<div class=\"elementor-widget-wrap elementor-element-populated\">\n\t\t\t\t\t\t<section class=\"elementor-section elementor-inner-section elementor-element elementor-element-ec0d931 elementor-section-boxed elementor-section-height-default elementor-section-height-default\" data-id=\"ec0d931\" data-element_type=\"section\">\n\t\t\t\t\t\t<div class=\"elementor-container elementor-column-gap-default\">\n\t\t\t\t\t<div class=\"elementor-column elementor-col-100 elementor-inner-column elementor-element elementor-element-7e170c0\" data-id=\"7e170c0\" data-element_type=\"column\">\n\t\t\t<div class=\"elementor-widget-wrap elementor-element-populated\">\n\t\t\t\t\t\t<div class=\"elementor-element elementor-element-9990d73 eael_simple_menu_hamburger_disable_selected_menu_no eael-simple-menu-hamburger-align-right eael-hamburger--tablet elementor-widget elementor-widget-eael-simple-menu\" data-id=\"9990d73\" data-element_type=\"widget\" data-widget_type=\"eael-simple-menu.default\">\n\t\t\t\t<div class=\"elementor-widget-container\">\n\t\t\t\t\t<style>\n                        @media screen and (max-width: 1024px) {\n                            .eael-hamburger--tablet {\n                                .eael-simple-menu-horizontal,\n                                .eael-simple-menu-vertical {\n                                    display: none;\n                                }\n                            }\n                            .eael-hamburger--tablet {\n                                .eael-simple-menu-container .eael-simple-menu-toggle {\n                                    display: block;\n                                }\n                            }\n                        }\n                    <\/style>            <div data-hamburger-icon=\"&lt;i aria-hidden=&quot;true&quot; class=&quot;fas fa-bars&quot;&gt;&lt;\/i&gt;\" data-indicator-icon=\"&lt;i aria-hidden=&quot;true&quot; class=&quot;fas fa-angle-down&quot;&gt;&lt;\/i&gt;\" data-dropdown-indicator-icon=\"&lt;i class=&quot;fas fa-angle-down&quot;&gt;&lt;\/i&gt;\" class=\"eael-simple-menu-container eael-simple-menu-align-left eael-simple-menu-dropdown-align-left preset-1\" data-hamburger-breakpoints=\"{&quot;mobile&quot;:&quot;Mobile Portrait (&gt; 767px)&quot;,&quot;tablet&quot;:&quot;Tablet Portrait (&gt; 1024px)&quot;,&quot;desktop&quot;:&quot;Desktop (&gt; 2400px)&quot;,&quot;none&quot;:&quot;Ninguno&quot;}\" data-hamburger-device=\"tablet\">\n                <ul id=\"menu-memorias-congreso-2025\" class=\"eael-simple-menu eael-simple-menu-dropdown-animate-to-top eael-simple-menu-indicator eael-simple-menu-vertical\"><li id=\"menu-item-6557\" class=\"menu-item menu-item-type-post_type menu-item-object-page menu-item-6557\"><a href=\"https:\/\/redcolombianadeposgrados.org\/web\/congreso-2025\/memorias-fotograficas-congreso-2025\/\">Memorias Fotogr\u00e1ficas<\/a><\/li>\n<li id=\"menu-item-6686\" class=\"menu-item menu-item-type-post_type menu-item-object-page menu-item-6686\"><a href=\"https:\/\/redcolombianadeposgrados.org\/web\/congreso-2025\/relatoria\/\">Relator\u00eda del Evento<\/a><\/li>\n<li id=\"menu-item-6602\" class=\"menu-item menu-item-type-post_type menu-item-object-page menu-item-6602\"><a href=\"https:\/\/redcolombianadeposgrados.org\/web\/congreso-2025\/presentaciones\/\">Ponencias<\/a><\/li>\n<li id=\"menu-item-6666\" class=\"menu-item menu-item-type-post_type menu-item-object-page menu-item-6666\"><a href=\"https:\/\/redcolombianadeposgrados.org\/web\/congreso-2025\/boletin-de-prensa\/\">Prensa<\/a><\/li>\n<\/ul>                <button class=\"eael-simple-menu-toggle\">\n                    <span class=\"sr-only \">Hamburger Toggle Menu<\/span>\n                    <i aria-hidden=\"true\" class=\"fas fa-bars\"><\/i>                <\/button>\n            <\/div>\n            \t\t\t\t<\/div>\n\t\t\t\t<\/div>\n\t\t\t\t\t<\/div>\n\t\t<\/div>\n\t\t\t\t\t<\/div>\n\t\t<\/section>\n\t\t\t\t<div class=\"elementor-element elementor-element-18f3f9a elementor-widget elementor-widget-spacer\" data-id=\"18f3f9a\" data-element_type=\"widget\" data-widget_type=\"spacer.default\">\n\t\t\t\t<div class=\"elementor-widget-container\">\n\t\t\t\t\t\t\t<div class=\"elementor-spacer\">\n\t\t\t<div class=\"elementor-spacer-inner\"><\/div>\n\t\t<\/div>\n\t\t\t\t\t\t<\/div>\n\t\t\t\t<\/div>\n\t\t\t\t\t<\/div>\n\t\t<\/div>\n\t\t\t\t<div class=\"elementor-column elementor-col-50 elementor-top-column elementor-element elementor-element-1d989a5d elementor-invisible\" data-id=\"1d989a5d\" data-element_type=\"column\" data-settings=\"{&quot;animation&quot;:&quot;fadeInUp&quot;}\">\n\t\t\t<div class=\"elementor-widget-wrap elementor-element-populated\">\n\t\t\t\t\t\t<div class=\"elementor-element elementor-element-776c4e6 elementor-widget elementor-widget-heading\" data-id=\"776c4e6\" data-element_type=\"widget\" data-widget_type=\"heading.default\">\n\t\t\t\t<div class=\"elementor-widget-container\">\n\t\t\t\t\t<h1 class=\"elementor-heading-title elementor-size-default\">Posgrados en red: conectados con la transformaci\u00f3n digital\n\n<\/h1>\t\t\t\t<\/div>\n\t\t\t\t<\/div>\n\t\t\t\t<div class=\"elementor-element elementor-element-60e8c45 elementor-widget-divider--view-line elementor-widget elementor-widget-divider\" data-id=\"60e8c45\" data-element_type=\"widget\" data-widget_type=\"divider.default\">\n\t\t\t\t<div class=\"elementor-widget-container\">\n\t\t\t\t\t\t\t<div class=\"elementor-divider\">\n\t\t\t<span class=\"elementor-divider-separator\">\n\t\t\t\t\t\t<\/span>\n\t\t<\/div>\n\t\t\t\t\t\t<\/div>\n\t\t\t\t<\/div>\n\t\t\t\t<div class=\"elementor-element elementor-element-a612f15 elementor-widget elementor-widget-shortcode\" data-id=\"a612f15\" data-element_type=\"widget\" data-widget_type=\"shortcode.default\">\n\t\t\t\t<div class=\"elementor-widget-container\">\n\t\t\t\t\t\t\t<div class=\"elementor-shortcode\"><div class=\"_df_book df-lite\" id=\"df_6672\"  _slug=\"6672\" data-title=\"relatoria-congreso-2025\" wpoptions=\"true\" thumb=\"https:\/\/redcolombianadeposgrados.org\/web\/wp-content\/uploads\/2023\/04\/foot-mail-congreso-min.jpg\" thumbtype=\"\" ><\/div><script class=\"df-shortcode-script\" nowprocket type=\"application\/javascript\">window.option_df_6672 = {\"outline\":[],\"viewerType\":\"reader\",\"autoEnableOutline\":\"false\",\"autoEnableThumbnail\":\"false\",\"overwritePDFOutline\":\"false\",\"direction\":\"1\",\"pageSize\":\"0\",\"source\":\"https:\\\/\\\/redcolombianadeposgrados.org\\\/web\\\/wp-content\\\/uploads\\\/2025\\\/04\\\/relatoria-congresonnual-rcp.pdf\",\"wpOptions\":\"true\"}; if(window.DFLIP && window.DFLIP.parseBooks){window.DFLIP.parseBooks();}<\/script><\/div>\n\t\t\t\t\t\t<\/div>\n\t\t\t\t<\/div>\n\t\t\t\t\t<\/div>\n\t\t<\/div>\n\t\t\t\t\t<\/div>\n\t\t<\/section>\n\t\t\t\t<section class=\"elementor-section elementor-top-section elementor-element elementor-element-202b8e9 elementor-section-boxed elementor-section-height-default elementor-section-height-default\" data-id=\"202b8e9\" data-element_type=\"section\">\n\t\t\t\t\t\t<div class=\"elementor-container elementor-column-gap-default\">\n\t\t\t\t\t<div class=\"elementor-column elementor-col-100 elementor-top-column elementor-element elementor-element-17f4d99\" data-id=\"17f4d99\" data-element_type=\"column\">\n\t\t\t<div class=\"elementor-widget-wrap\">\n\t\t\t\t\t\t\t<\/div>\n\t\t<\/div>\n\t\t\t\t\t<\/div>\n\t\t<\/section>\n\t\t\t\t<\/div>\n\t\t","protected":false},"excerpt":{"rendered":"<p>Memorias Congreso 2025 Memorias Fotogr\u00e1ficas Ponencias Prensa Hamburger Toggle Menu Posgrados en red: conectados con la transformaci\u00f3n digital<\/p>\n","protected":false},"author":1,"featured_media":0,"parent":5717,"menu_order":0,"comment_status":"closed","ping_status":"closed","template":"","meta":{"footnotes":""},"class_list":["post-6670","page","type-page","status-publish","hentry"],"yoast_head":"<!-- This site is optimized with the Yoast SEO plugin v25.3.1 - https:\/\/yoast.com\/wordpress\/plugins\/seo\/ -->\n<title>Relator\u00eda - Red Colombiana de Posgrados<\/title>\n<meta name=\"robots\" content=\"index, follow, max-snippet:-1, max-image-preview:large, max-video-preview:-1\" \/>\n<link rel=\"canonical\" href=\"https:\/\/redcolombianadeposgrados.org\/web\/congreso-2025\/relatoria\/\" \/>\n<meta property=\"og:locale\" content=\"es_ES\" \/>\n<meta property=\"og:type\" content=\"article\" \/>\n<meta property=\"og:title\" content=\"Relator\u00eda - Red Colombiana de Posgrados\" \/>\n<meta property=\"og:description\" content=\"Memorias Congreso 2025 Memorias Fotogr\u00e1ficas Ponencias Prensa Hamburger Toggle Menu Posgrados en red: conectados con la transformaci\u00f3n digital\" \/>\n<meta property=\"og:url\" content=\"https:\/\/redcolombianadeposgrados.org\/web\/congreso-2025\/relatoria\/\" \/>\n<meta property=\"og:site_name\" content=\"Red Colombiana de Posgrados\" \/>\n<meta property=\"article:publisher\" content=\"https:\/\/www.facebook.com\/ReddePosgrados\/\" \/>\n<meta property=\"article:modified_time\" content=\"2025-04-24T22:39:47+00:00\" \/>\n<meta name=\"twitter:card\" content=\"summary_large_image\" \/>\n<meta name=\"twitter:site\" content=\"@ReddePosgrados\" \/>\n<meta name=\"twitter:label1\" content=\"Tiempo de lectura\" \/>\n\t<meta name=\"twitter:data1\" content=\"2 minutos\" \/>\n<script type=\"application\/ld+json\" class=\"yoast-schema-graph\">{\"@context\":\"https:\/\/schema.org\",\"@graph\":[{\"@type\":\"WebPage\",\"@id\":\"https:\/\/redcolombianadeposgrados.org\/web\/congreso-2025\/relatoria\/\",\"url\":\"https:\/\/redcolombianadeposgrados.org\/web\/congreso-2025\/relatoria\/\",\"name\":\"Relator\u00eda - Red Colombiana de Posgrados\",\"isPartOf\":{\"@id\":\"https:\/\/redcolombianadeposgrados.org\/web\/#website\"},\"datePublished\":\"2025-04-24T22:28:16+00:00\",\"dateModified\":\"2025-04-24T22:39:47+00:00\",\"breadcrumb\":{\"@id\":\"https:\/\/redcolombianadeposgrados.org\/web\/congreso-2025\/relatoria\/#breadcrumb\"},\"inLanguage\":\"es-CO\",\"potentialAction\":[{\"@type\":\"ReadAction\",\"target\":[\"https:\/\/redcolombianadeposgrados.org\/web\/congreso-2025\/relatoria\/\"]}]},{\"@type\":\"BreadcrumbList\",\"@id\":\"https:\/\/redcolombianadeposgrados.org\/web\/congreso-2025\/relatoria\/#breadcrumb\",\"itemListElement\":[{\"@type\":\"ListItem\",\"position\":1,\"name\":\"Inicio\",\"item\":\"https:\/\/redcolombianadeposgrados.org\/web\/\"},{\"@type\":\"ListItem\",\"position\":2,\"name\":\"Congreso 2025\",\"item\":\"https:\/\/redcolombianadeposgrados.org\/web\/congreso-2025\/\"},{\"@type\":\"ListItem\",\"position\":3,\"name\":\"Relator\u00eda\"}]},{\"@type\":\"WebSite\",\"@id\":\"https:\/\/redcolombianadeposgrados.org\/web\/#website\",\"url\":\"https:\/\/redcolombianadeposgrados.org\/web\/\",\"name\":\"Red Colombiana de Posgrados\",\"description\":\"RCP\",\"publisher\":{\"@id\":\"https:\/\/redcolombianadeposgrados.org\/web\/#organization\"},\"potentialAction\":[{\"@type\":\"SearchAction\",\"target\":{\"@type\":\"EntryPoint\",\"urlTemplate\":\"https:\/\/redcolombianadeposgrados.org\/web\/?s={search_term_string}\"},\"query-input\":{\"@type\":\"PropertyValueSpecification\",\"valueRequired\":true,\"valueName\":\"search_term_string\"}}],\"inLanguage\":\"es-CO\"},{\"@type\":\"Organization\",\"@id\":\"https:\/\/redcolombianadeposgrados.org\/web\/#organization\",\"name\":\"Red Colombiana de Posgrados\",\"url\":\"https:\/\/redcolombianadeposgrados.org\/web\/\",\"logo\":{\"@type\":\"ImageObject\",\"inLanguage\":\"es-CO\",\"@id\":\"https:\/\/redcolombianadeposgrados.org\/web\/#\/schema\/logo\/image\/\",\"url\":\"https:\/\/redcolombianadeposgrados.org\/web\/wp-content\/uploads\/2023\/04\/logo-rcp-web.png\",\"contentUrl\":\"https:\/\/redcolombianadeposgrados.org\/web\/wp-content\/uploads\/2023\/04\/logo-rcp-web.png\",\"width\":600,\"height\":182,\"caption\":\"Red Colombiana de Posgrados\"},\"image\":{\"@id\":\"https:\/\/redcolombianadeposgrados.org\/web\/#\/schema\/logo\/image\/\"},\"sameAs\":[\"https:\/\/www.facebook.com\/ReddePosgrados\/\",\"https:\/\/x.com\/ReddePosgrados\",\"https:\/\/www.instagram.com\/redcolombianadeposgrados\/\",\"https:\/\/www.linkedin.com\/in\/red-colombiana-de-posgrados-46b431196\/\",\"https:\/\/www.youtube.com\/channel\/UCQ4uQlN_Xa4QYR709vqkyJw\"]}]}<\/script>\n<!-- \/ Yoast SEO plugin. -->","yoast_head_json":{"title":"Relator\u00eda - Red Colombiana de Posgrados","robots":{"index":"index","follow":"follow","max-snippet":"max-snippet:-1","max-image-preview":"max-image-preview:large","max-video-preview":"max-video-preview:-1"},"canonical":"https:\/\/redcolombianadeposgrados.org\/web\/congreso-2025\/relatoria\/","og_locale":"es_ES","og_type":"article","og_title":"Relator\u00eda - Red Colombiana de Posgrados","og_description":"Memorias Congreso 2025 Memorias Fotogr\u00e1ficas Ponencias Prensa Hamburger Toggle Menu Posgrados en red: conectados con la transformaci\u00f3n digital","og_url":"https:\/\/redcolombianadeposgrados.org\/web\/congreso-2025\/relatoria\/","og_site_name":"Red Colombiana de Posgrados","article_publisher":"https:\/\/www.facebook.com\/ReddePosgrados\/","article_modified_time":"2025-04-24T22:39:47+00:00","twitter_card":"summary_large_image","twitter_site":"@ReddePosgrados","twitter_misc":{"Tiempo de lectura":"2 minutos"},"schema":{"@context":"https:\/\/schema.org","@graph":[{"@type":"WebPage","@id":"https:\/\/redcolombianadeposgrados.org\/web\/congreso-2025\/relatoria\/","url":"https:\/\/redcolombianadeposgrados.org\/web\/congreso-2025\/relatoria\/","name":"Relator\u00eda - Red Colombiana de Posgrados","isPartOf":{"@id":"https:\/\/redcolombianadeposgrados.org\/web\/#website"},"datePublished":"2025-04-24T22:28:16+00:00","dateModified":"2025-04-24T22:39:47+00:00","breadcrumb":{"@id":"https:\/\/redcolombianadeposgrados.org\/web\/congreso-2025\/relatoria\/#breadcrumb"},"inLanguage":"es-CO","potentialAction":[{"@type":"ReadAction","target":["https:\/\/redcolombianadeposgrados.org\/web\/congreso-2025\/relatoria\/"]}]},{"@type":"BreadcrumbList","@id":"https:\/\/redcolombianadeposgrados.org\/web\/congreso-2025\/relatoria\/#breadcrumb","itemListElement":[{"@type":"ListItem","position":1,"name":"Inicio","item":"https:\/\/redcolombianadeposgrados.org\/web\/"},{"@type":"ListItem","position":2,"name":"Congreso 2025","item":"https:\/\/redcolombianadeposgrados.org\/web\/congreso-2025\/"},{"@type":"ListItem","position":3,"name":"Relator\u00eda"}]},{"@type":"WebSite","@id":"https:\/\/redcolombianadeposgrados.org\/web\/#website","url":"https:\/\/redcolombianadeposgrados.org\/web\/","name":"Red Colombiana de Posgrados","description":"RCP","publisher":{"@id":"https:\/\/redcolombianadeposgrados.org\/web\/#organization"},"potentialAction":[{"@type":"SearchAction","target":{"@type":"EntryPoint","urlTemplate":"https:\/\/redcolombianadeposgrados.org\/web\/?s={search_term_string}"},"query-input":{"@type":"PropertyValueSpecification","valueRequired":true,"valueName":"search_term_string"}}],"inLanguage":"es-CO"},{"@type":"Organization","@id":"https:\/\/redcolombianadeposgrados.org\/web\/#organization","name":"Red Colombiana de Posgrados","url":"https:\/\/redcolombianadeposgrados.org\/web\/","logo":{"@type":"ImageObject","inLanguage":"es-CO","@id":"https:\/\/redcolombianadeposgrados.org\/web\/#\/schema\/logo\/image\/","url":"https:\/\/redcolombianadeposgrados.org\/web\/wp-content\/uploads\/2023\/04\/logo-rcp-web.png","contentUrl":"https:\/\/redcolombianadeposgrados.org\/web\/wp-content\/uploads\/2023\/04\/logo-rcp-web.png","width":600,"height":182,"caption":"Red Colombiana de Posgrados"},"image":{"@id":"https:\/\/redcolombianadeposgrados.org\/web\/#\/schema\/logo\/image\/"},"sameAs":["https:\/\/www.facebook.com\/ReddePosgrados\/","https:\/\/x.com\/ReddePosgrados","https:\/\/www.instagram.com\/redcolombianadeposgrados\/","https:\/\/www.linkedin.com\/in\/red-colombiana-de-posgrados-46b431196\/","https:\/\/www.youtube.com\/channel\/UCQ4uQlN_Xa4QYR709vqkyJw"]}]}},"rttpg_featured_image_url":null,"rttpg_author":{"display_name":"admin.rcp","author_link":"https:\/\/redcolombianadeposgrados.org\/web\/author\/webmaster\/"},"rttpg_comment":0,"rttpg_category":null,"rttpg_excerpt":"Memorias Congreso 2025 Memorias Fotogr\u00e1ficas Ponencias Prensa Hamburger Toggle Menu Posgrados en red: conectados con la transformaci\u00f3n digital","_links":{"self":[{"href":"https:\/\/redcolombianadeposgrados.org\/web\/wp-json\/wp\/v2\/pages\/6670","targetHints":{"allow":["GET"]}}],"collection":[{"href":"https:\/\/redcolombianadeposgrados.org\/web\/wp-json\/wp\/v2\/pages"}],"about":[{"href":"https:\/\/redcolombianadeposgrados.org\/web\/wp-json\/wp\/v2\/types\/page"}],"author":[{"embeddable":true,"href":"https:\/\/redcolombianadeposgrados.org\/web\/wp-json\/wp\/v2\/users\/1"}],"replies":[{"embeddable":true,"href":"https:\/\/redcolombianadeposgrados.org\/web\/wp-json\/wp\/v2\/comments?post=6670"}],"version-history":[{"count":10,"href":"https:\/\/redcolombianadeposgrados.org\/web\/wp-json\/wp\/v2\/pages\/6670\/revisions"}],"predecessor-version":[{"id":6685,"href":"https:\/\/redcolombianadeposgrados.org\/web\/wp-json\/wp\/v2\/pages\/6670\/revisions\/6685"}],"up":[{"embeddable":true,"href":"https:\/\/redcolombianadeposgrados.org\/web\/wp-json\/wp\/v2\/pages\/5717"}],"wp:attachment":[{"href":"https:\/\/redcolombianadeposgrados.org\/web\/wp-json\/wp\/v2\/media?parent=6670"}],"curies":[{"name":"wp","href":"https:\/\/api.w.org\/{rel}","templated":true}]}}