{"id":7396,"date":"2026-02-25T10:17:54","date_gmt":"2026-02-25T15:17:54","guid":{"rendered":"https:\/\/redcolombianadeposgrados.org\/web\/?page_id=7396"},"modified":"2026-03-10T11:21:31","modified_gmt":"2026-03-10T16:21:31","slug":"registro-rcp-2026","status":"publish","type":"page","link":"https:\/\/redcolombianadeposgrados.org\/web\/congreso-2026\/registro-rcp-2026\/","title":{"rendered":"Registro RCP 2026"},"content":{"rendered":"\t\t<div data-elementor-type=\"wp-page\" data-elementor-id=\"7396\" class=\"elementor elementor-7396\" data-elementor-post-type=\"page\">\n\t\t\t\t\t\t<section class=\"elementor-section elementor-top-section elementor-element elementor-element-o7lcu4h elementor-section-boxed elementor-section-height-default elementor-section-height-default\" data-id=\"o7lcu4h\" data-element_type=\"section\" data-settings=\"{&quot;background_background&quot;:&quot;classic&quot;}\">\n\t\t\t\t\t\t\t<div class=\"elementor-background-overlay\"><\/div>\n\t\t\t\t\t\t\t<div class=\"elementor-container elementor-column-gap-default\">\n\t\t\t\t\t<div class=\"elementor-column elementor-col-100 elementor-top-column elementor-element elementor-element-296d9b2\" data-id=\"296d9b2\" data-element_type=\"column\">\n\t\t\t<div class=\"elementor-widget-wrap elementor-element-populated\">\n\t\t\t\t\t\t<div class=\"elementor-element elementor-element-2d4e531 elementor-widget elementor-widget-heading\" data-id=\"2d4e531\" data-element_type=\"widget\" data-widget_type=\"heading.default\">\n\t\t\t\t<div class=\"elementor-widget-container\">\n\t\t\t\t\t<h1 class=\"elementor-heading-title elementor-size-default\">Registro<br>\nPosgrados Colombianos que Transforman el Talento Global<\/h1>\t\t\t\t<\/div>\n\t\t\t\t<\/div>\n\t\t\t\t<div class=\"elementor-element elementor-element-5bec6ff elementor-widget-divider--view-line elementor-widget elementor-widget-divider\" data-id=\"5bec6ff\" data-element_type=\"widget\" data-widget_type=\"divider.default\">\n\t\t\t\t<div class=\"elementor-widget-container\">\n\t\t\t\t\t\t\t<div class=\"elementor-divider\">\n\t\t\t<span class=\"elementor-divider-separator\">\n\t\t\t\t\t\t<\/span>\n\t\t<\/div>\n\t\t\t\t\t\t<\/div>\n\t\t\t\t<\/div>\n\t\t\t\t\t<\/div>\n\t\t<\/div>\n\t\t\t\t\t<\/div>\n\t\t<\/section>\n\t\t\t\t<section class=\"elementor-section elementor-top-section elementor-element elementor-element-3f39251f elementor-section-boxed elementor-section-height-default elementor-section-height-default elementor-invisible\" data-id=\"3f39251f\" data-element_type=\"section\" data-settings=\"{&quot;animation&quot;:&quot;zoomIn&quot;}\">\n\t\t\t\t\t\t<div class=\"elementor-container elementor-column-gap-default\">\n\t\t\t\t\t<div class=\"elementor-column elementor-col-100 elementor-top-column elementor-element elementor-element-1d989a5d\" data-id=\"1d989a5d\" data-element_type=\"column\">\n\t\t\t<div class=\"elementor-widget-wrap elementor-element-populated\">\n\t\t\t\t\t\t<div class=\"elementor-element elementor-element-776c4e6 elementor-widget elementor-widget-heading\" data-id=\"776c4e6\" data-element_type=\"widget\" data-widget_type=\"heading.default\">\n\t\t\t\t<div class=\"elementor-widget-container\">\n\t\t\t\t\t<h2 class=\"elementor-heading-title elementor-size-default\">Posgrados Colombianos que <br>Transforman el Talento Global<\/h2>\t\t\t\t<\/div>\n\t\t\t\t<\/div>\n\t\t\t\t<section class=\"elementor-section elementor-inner-section elementor-element elementor-element-17349429 elementor-section-boxed elementor-section-height-default elementor-section-height-default\" data-id=\"17349429\" data-element_type=\"section\">\n\t\t\t\t\t\t<div class=\"elementor-container elementor-column-gap-default\">\n\t\t\t\t\t<div class=\"elementor-column elementor-col-100 elementor-inner-column elementor-element elementor-element-23ed94bb\" data-id=\"23ed94bb\" data-element_type=\"column\">\n\t\t\t<div class=\"elementor-widget-wrap\">\n\t\t\t\t\t\t\t<\/div>\n\t\t<\/div>\n\t\t\t\t\t<\/div>\n\t\t<\/section>\n\t\t\t\t<div class=\"elementor-element elementor-element-4ed76dd6 elementor-widget elementor-widget-text-editor\" data-id=\"4ed76dd6\" data-element_type=\"widget\" data-widget_type=\"text-editor.default\">\n\t\t\t\t<div class=\"elementor-widget-container\">\n\t\t\t\t\t\t\t\t\t<p>Te invitamos a formar parte de este gran evento. A trav\u00e9s de esta secci\u00f3n, podr\u00e1s completar tu registro de manera f\u00e1cil y segura para acceder a conferencias, actividades y oportunidades exclusivas. No te quedes fuera de esta experiencia \u00fanica de aprendizaje y networking.<\/p>\t\t\t\t\t\t\t\t<\/div>\n\t\t\t\t<\/div>\n\t\t\t\t<div class=\"elementor-element elementor-element-3d6c5e6 elementor-widget elementor-widget-spacer\" data-id=\"3d6c5e6\" data-element_type=\"widget\" data-widget_type=\"spacer.default\">\n\t\t\t\t<div class=\"elementor-widget-container\">\n\t\t\t\t\t\t\t<div class=\"elementor-spacer\">\n\t\t\t<div class=\"elementor-spacer-inner\"><\/div>\n\t\t<\/div>\n\t\t\t\t\t\t<\/div>\n\t\t\t\t<\/div>\n\t\t\t\t\t<\/div>\n\t\t<\/div>\n\t\t\t\t\t<\/div>\n\t\t<\/section>\n\t\t\t\t<section class=\"elementor-section elementor-inner-section elementor-element elementor-element-4a885150 elementor-section-full_width elementor-section-content-middle elementor-section-height-default elementor-section-height-default\" data-id=\"4a885150\" data-element_type=\"section\">\n\t\t\t\t\t\t<div class=\"elementor-container elementor-column-gap-default\">\n\t\t\t\t\t<div class=\"elementor-column elementor-col-25 elementor-inner-column elementor-element elementor-element-b7d0706\" data-id=\"b7d0706\" data-element_type=\"column\" data-settings=\"{&quot;background_background&quot;:&quot;classic&quot;}\">\n\t\t\t<div class=\"elementor-widget-wrap\">\n\t\t\t\t\t\t\t<\/div>\n\t\t<\/div>\n\t\t\t\t<div class=\"elementor-column elementor-col-25 elementor-inner-column elementor-element elementor-element-60b2ebd\" data-id=\"60b2ebd\" data-element_type=\"column\" data-settings=\"{&quot;background_background&quot;:&quot;classic&quot;}\">\n\t\t\t<div class=\"elementor-widget-wrap elementor-element-populated\">\n\t\t\t\t\t\t<div class=\"elementor-element elementor-element-f3029b8 elementor-view-default elementor-position-top elementor-mobile-position-top elementor-widget elementor-widget-icon-box\" data-id=\"f3029b8\" data-element_type=\"widget\" data-widget_type=\"icon-box.default\">\n\t\t\t\t<div class=\"elementor-widget-container\">\n\t\t\t\t\t\t\t<div class=\"elementor-icon-box-wrapper\">\n\n\t\t\t\t\t\t<div class=\"elementor-icon-box-icon\">\n\t\t\t\t<a href=\"#\" class=\"elementor-icon\" tabindex=\"-1\" aria-label=\"Registro Participante\">\n\t\t\t\t<i aria-hidden=\"true\" class=\"fas fa-list\"><\/i>\t\t\t\t<\/a>\n\t\t\t<\/div>\n\t\t\t\n\t\t\t\t\t\t<div class=\"elementor-icon-box-content\">\n\n\t\t\t\t\t\t\t\t\t<h4 class=\"elementor-icon-box-title\">\n\t\t\t\t\t\t<a href=\"#\" >\n\t\t\t\t\t\t\tRegistro Participante\t\t\t\t\t\t<\/a>\n\t\t\t\t\t<\/h4>\n\t\t\t\t\n\t\t\t\t\n\t\t\t<\/div>\n\t\t\t\n\t\t<\/div>\n\t\t\t\t\t\t<\/div>\n\t\t\t\t<\/div>\n\t\t\t\t<div class=\"elementor-element elementor-element-cfb28ea elementor-widget elementor-widget-eael-creative-button\" data-id=\"cfb28ea\" data-element_type=\"widget\" data-widget_type=\"eael-creative-button.default\">\n\t\t\t\t<div class=\"elementor-widget-container\">\n\t\t\t\t\t        <div class=\"eael-creative-button-wrapper\">\n\n            <a class=\"eael-creative-button eael-creative-button--default\" href=\"https:\/\/redcolombianadeposgrados.org\/web\/congreso-2026\/registro-participante-rcp-2026\/\" data-text=\"\">\n\n\t    \n                <div class=\"creative-button-inner\">\n\n                    \n                    <span class=\"cretive-button-text\">Registrarme<\/span>\n\n                                            <span class=\"eael-creative-button-icon-right\"><i aria-hidden=\"true\" class=\"fas fa-arrow-right\"><\/i><\/span>                                    <\/div>\n\t                        <\/a>\n        <\/div>\n        \t\t\t\t<\/div>\n\t\t\t\t<\/div>\n\t\t\t\t\t<\/div>\n\t\t<\/div>\n\t\t\t\t<div class=\"elementor-column elementor-col-25 elementor-inner-column elementor-element elementor-element-701a15f elementor-hidden-desktop elementor-hidden-tablet elementor-hidden-mobile\" data-id=\"701a15f\" data-element_type=\"column\" data-settings=\"{&quot;background_background&quot;:&quot;classic&quot;}\">\n\t\t\t<div class=\"elementor-widget-wrap elementor-element-populated\">\n\t\t\t\t\t\t<div class=\"elementor-element elementor-element-1c13754 elementor-view-default elementor-position-top elementor-mobile-position-top elementor-widget elementor-widget-icon-box\" data-id=\"1c13754\" data-element_type=\"widget\" data-widget_type=\"icon-box.default\">\n\t\t\t\t<div class=\"elementor-widget-container\">\n\t\t\t\t\t\t\t<div class=\"elementor-icon-box-wrapper\">\n\n\t\t\t\t\t\t<div class=\"elementor-icon-box-icon\">\n\t\t\t\t<a href=\"#\" class=\"elementor-icon\" tabindex=\"-1\" aria-label=\"Registro Ponente\">\n\t\t\t\t<i aria-hidden=\"true\" class=\"fas fa-list\"><\/i>\t\t\t\t<\/a>\n\t\t\t<\/div>\n\t\t\t\n\t\t\t\t\t\t<div class=\"elementor-icon-box-content\">\n\n\t\t\t\t\t\t\t\t\t<h4 class=\"elementor-icon-box-title\">\n\t\t\t\t\t\t<a href=\"#\" >\n\t\t\t\t\t\t\tRegistro Ponente\t\t\t\t\t\t<\/a>\n\t\t\t\t\t<\/h4>\n\t\t\t\t\n\t\t\t\t\n\t\t\t<\/div>\n\t\t\t\n\t\t<\/div>\n\t\t\t\t\t\t<\/div>\n\t\t\t\t<\/div>\n\t\t\t\t<div class=\"elementor-element elementor-element-b059c04 elementor-widget elementor-widget-eael-creative-button\" data-id=\"b059c04\" data-element_type=\"widget\" data-widget_type=\"eael-creative-button.default\">\n\t\t\t\t<div class=\"elementor-widget-container\">\n\t\t\t\t\t        <div class=\"eael-creative-button-wrapper\">\n\n            <a class=\"eael-creative-button eael-creative-button--default\" href=\"https:\/\/redcolombianadeposgrados.org\/web\/congreso-2026\/registro-ponente-rcp-2026\/\" data-text=\"\">\n\n\t    \n                <div class=\"creative-button-inner\">\n\n                    \n                    <span class=\"cretive-button-text\">Registrarme<\/span>\n\n                                            <span class=\"eael-creative-button-icon-right\"><i aria-hidden=\"true\" class=\"fas fa-arrow-right\"><\/i><\/span>                                    <\/div>\n\t                        <\/a>\n        <\/div>\n        \t\t\t\t<\/div>\n\t\t\t\t<\/div>\n\t\t\t\t\t<\/div>\n\t\t<\/div>\n\t\t\t\t<div class=\"elementor-column elementor-col-25 elementor-inner-column elementor-element elementor-element-841a827\" data-id=\"841a827\" data-element_type=\"column\" data-settings=\"{&quot;background_background&quot;:&quot;classic&quot;}\">\n\t\t\t<div class=\"elementor-widget-wrap\">\n\t\t\t\t\t\t\t<\/div>\n\t\t<\/div>\n\t\t\t\t\t<\/div>\n\t\t<\/section>\n\t\t\t\t<section class=\"elementor-section elementor-top-section elementor-element elementor-element-30401fc elementor-section-boxed elementor-section-height-default elementor-section-height-default\" data-id=\"30401fc\" data-element_type=\"section\">\n\t\t\t\t\t\t<div class=\"elementor-container elementor-column-gap-default\">\n\t\t\t\t\t<div class=\"elementor-column elementor-col-100 elementor-top-column elementor-element elementor-element-4741457\" data-id=\"4741457\" data-element_type=\"column\">\n\t\t\t<div class=\"elementor-widget-wrap elementor-element-populated\">\n\t\t\t\t\t\t<div class=\"elementor-element elementor-element-0d1bdd7 elementor-widget elementor-widget-spacer\" data-id=\"0d1bdd7\" data-element_type=\"widget\" data-widget_type=\"spacer.default\">\n\t\t\t\t<div class=\"elementor-widget-container\">\n\t\t\t\t\t\t\t<div class=\"elementor-spacer\">\n\t\t\t<div class=\"elementor-spacer-inner\"><\/div>\n\t\t<\/div>\n\t\t\t\t\t\t<\/div>\n\t\t\t\t<\/div>\n\t\t\t\t\t<\/div>\n\t\t<\/div>\n\t\t\t\t\t<\/div>\n\t\t<\/section>\n\t\t\t\t<\/div>\n\t\t","protected":false},"excerpt":{"rendered":"<p>Registro Posgrados Colombianos que Transforman el Talento Global Posgrados Colombianos que Transforman el Talento Global Te invitamos a formar parte de este gran evento. A trav\u00e9s de esta secci\u00f3n, podr\u00e1s completar tu registro de manera f\u00e1cil y segura para acceder a conferencias, actividades y oportunidades exclusivas. No te quedes fuera de esta experiencia \u00fanica de [&hellip;]<\/p>\n","protected":false},"author":3,"featured_media":0,"parent":6774,"menu_order":0,"comment_status":"closed","ping_status":"closed","template":"","meta":{"footnotes":""},"class_list":["post-7396","page","type-page","status-publish","hentry"],"yoast_head":"<!-- This site is optimized with the Yoast SEO plugin v25.3.1 - https:\/\/yoast.com\/wordpress\/plugins\/seo\/ -->\n<title>Registro RCP 2026 - Red Colombiana de Posgrados<\/title>\n<meta name=\"robots\" content=\"index, follow, max-snippet:-1, max-image-preview:large, max-video-preview:-1\" \/>\n<link rel=\"canonical\" href=\"https:\/\/redcolombianadeposgrados.org\/web\/congreso-2026\/registro-rcp-2026\/\" \/>\n<meta property=\"og:locale\" content=\"es_ES\" \/>\n<meta property=\"og:type\" content=\"article\" \/>\n<meta property=\"og:title\" content=\"Registro RCP 2026 - Red Colombiana de Posgrados\" \/>\n<meta property=\"og:description\" content=\"Registro Posgrados Colombianos que Transforman el Talento Global Posgrados Colombianos que Transforman el Talento Global Te invitamos a formar parte de este gran evento. A trav\u00e9s de esta secci\u00f3n, podr\u00e1s completar tu registro de manera f\u00e1cil y segura para acceder a conferencias, actividades y oportunidades exclusivas. No te quedes fuera de esta experiencia \u00fanica de [&hellip;]\" \/>\n<meta property=\"og:url\" content=\"https:\/\/redcolombianadeposgrados.org\/web\/congreso-2026\/registro-rcp-2026\/\" \/>\n<meta property=\"og:site_name\" content=\"Red Colombiana de Posgrados\" \/>\n<meta property=\"article:publisher\" content=\"https:\/\/www.facebook.com\/ReddePosgrados\/\" \/>\n<meta property=\"article:modified_time\" content=\"2026-03-10T16:21:31+00:00\" \/>\n<meta name=\"twitter:card\" content=\"summary_large_image\" \/>\n<meta name=\"twitter:site\" content=\"@ReddePosgrados\" \/>\n<meta name=\"twitter:label1\" content=\"Tiempo de lectura\" \/>\n\t<meta name=\"twitter:data1\" content=\"1 minuto\" \/>\n<script type=\"application\/ld+json\" class=\"yoast-schema-graph\">{\"@context\":\"https:\/\/schema.org\",\"@graph\":[{\"@type\":\"WebPage\",\"@id\":\"https:\/\/redcolombianadeposgrados.org\/web\/congreso-2026\/registro-rcp-2026\/\",\"url\":\"https:\/\/redcolombianadeposgrados.org\/web\/congreso-2026\/registro-rcp-2026\/\",\"name\":\"Registro RCP 2026 - Red Colombiana de Posgrados\",\"isPartOf\":{\"@id\":\"https:\/\/redcolombianadeposgrados.org\/web\/#website\"},\"datePublished\":\"2026-02-25T15:17:54+00:00\",\"dateModified\":\"2026-03-10T16:21:31+00:00\",\"breadcrumb\":{\"@id\":\"https:\/\/redcolombianadeposgrados.org\/web\/congreso-2026\/registro-rcp-2026\/#breadcrumb\"},\"inLanguage\":\"es-CO\",\"potentialAction\":[{\"@type\":\"ReadAction\",\"target\":[\"https:\/\/redcolombianadeposgrados.org\/web\/congreso-2026\/registro-rcp-2026\/\"]}]},{\"@type\":\"BreadcrumbList\",\"@id\":\"https:\/\/redcolombianadeposgrados.org\/web\/congreso-2026\/registro-rcp-2026\/#breadcrumb\",\"itemListElement\":[{\"@type\":\"ListItem\",\"position\":1,\"name\":\"Inicio\",\"item\":\"https:\/\/redcolombianadeposgrados.org\/web\/\"},{\"@type\":\"ListItem\",\"position\":2,\"name\":\"Congreso 2026\",\"item\":\"https:\/\/redcolombianadeposgrados.org\/web\/congreso-2026\/\"},{\"@type\":\"ListItem\",\"position\":3,\"name\":\"Registro RCP 2026\"}]},{\"@type\":\"WebSite\",\"@id\":\"https:\/\/redcolombianadeposgrados.org\/web\/#website\",\"url\":\"https:\/\/redcolombianadeposgrados.org\/web\/\",\"name\":\"Red Colombiana de Posgrados\",\"description\":\"RCP\",\"publisher\":{\"@id\":\"https:\/\/redcolombianadeposgrados.org\/web\/#organization\"},\"potentialAction\":[{\"@type\":\"SearchAction\",\"target\":{\"@type\":\"EntryPoint\",\"urlTemplate\":\"https:\/\/redcolombianadeposgrados.org\/web\/?s={search_term_string}\"},\"query-input\":{\"@type\":\"PropertyValueSpecification\",\"valueRequired\":true,\"valueName\":\"search_term_string\"}}],\"inLanguage\":\"es-CO\"},{\"@type\":\"Organization\",\"@id\":\"https:\/\/redcolombianadeposgrados.org\/web\/#organization\",\"name\":\"Red Colombiana de Posgrados\",\"url\":\"https:\/\/redcolombianadeposgrados.org\/web\/\",\"logo\":{\"@type\":\"ImageObject\",\"inLanguage\":\"es-CO\",\"@id\":\"https:\/\/redcolombianadeposgrados.org\/web\/#\/schema\/logo\/image\/\",\"url\":\"https:\/\/redcolombianadeposgrados.org\/web\/wp-content\/uploads\/2023\/04\/logo-rcp-web.png\",\"contentUrl\":\"https:\/\/redcolombianadeposgrados.org\/web\/wp-content\/uploads\/2023\/04\/logo-rcp-web.png\",\"width\":600,\"height\":182,\"caption\":\"Red Colombiana de Posgrados\"},\"image\":{\"@id\":\"https:\/\/redcolombianadeposgrados.org\/web\/#\/schema\/logo\/image\/\"},\"sameAs\":[\"https:\/\/www.facebook.com\/ReddePosgrados\/\",\"https:\/\/x.com\/ReddePosgrados\",\"https:\/\/www.instagram.com\/redcolombianadeposgrados\/\",\"https:\/\/www.linkedin.com\/in\/red-colombiana-de-posgrados-46b431196\/\",\"https:\/\/www.youtube.com\/channel\/UCQ4uQlN_Xa4QYR709vqkyJw\"]}]}<\/script>\n<!-- \/ Yoast SEO plugin. -->","yoast_head_json":{"title":"Registro RCP 2026 - Red Colombiana de Posgrados","robots":{"index":"index","follow":"follow","max-snippet":"max-snippet:-1","max-image-preview":"max-image-preview:large","max-video-preview":"max-video-preview:-1"},"canonical":"https:\/\/redcolombianadeposgrados.org\/web\/congreso-2026\/registro-rcp-2026\/","og_locale":"es_ES","og_type":"article","og_title":"Registro RCP 2026 - Red Colombiana de Posgrados","og_description":"Registro Posgrados Colombianos que Transforman el Talento Global Posgrados Colombianos que Transforman el Talento Global Te invitamos a formar parte de este gran evento. A trav\u00e9s de esta secci\u00f3n, podr\u00e1s completar tu registro de manera f\u00e1cil y segura para acceder a conferencias, actividades y oportunidades exclusivas. No te quedes fuera de esta experiencia \u00fanica de [&hellip;]","og_url":"https:\/\/redcolombianadeposgrados.org\/web\/congreso-2026\/registro-rcp-2026\/","og_site_name":"Red Colombiana de Posgrados","article_publisher":"https:\/\/www.facebook.com\/ReddePosgrados\/","article_modified_time":"2026-03-10T16:21:31+00:00","twitter_card":"summary_large_image","twitter_site":"@ReddePosgrados","twitter_misc":{"Tiempo de lectura":"1 minuto"},"schema":{"@context":"https:\/\/schema.org","@graph":[{"@type":"WebPage","@id":"https:\/\/redcolombianadeposgrados.org\/web\/congreso-2026\/registro-rcp-2026\/","url":"https:\/\/redcolombianadeposgrados.org\/web\/congreso-2026\/registro-rcp-2026\/","name":"Registro RCP 2026 - Red Colombiana de Posgrados","isPartOf":{"@id":"https:\/\/redcolombianadeposgrados.org\/web\/#website"},"datePublished":"2026-02-25T15:17:54+00:00","dateModified":"2026-03-10T16:21:31+00:00","breadcrumb":{"@id":"https:\/\/redcolombianadeposgrados.org\/web\/congreso-2026\/registro-rcp-2026\/#breadcrumb"},"inLanguage":"es-CO","potentialAction":[{"@type":"ReadAction","target":["https:\/\/redcolombianadeposgrados.org\/web\/congreso-2026\/registro-rcp-2026\/"]}]},{"@type":"BreadcrumbList","@id":"https:\/\/redcolombianadeposgrados.org\/web\/congreso-2026\/registro-rcp-2026\/#breadcrumb","itemListElement":[{"@type":"ListItem","position":1,"name":"Inicio","item":"https:\/\/redcolombianadeposgrados.org\/web\/"},{"@type":"ListItem","position":2,"name":"Congreso 2026","item":"https:\/\/redcolombianadeposgrados.org\/web\/congreso-2026\/"},{"@type":"ListItem","position":3,"name":"Registro RCP 2026"}]},{"@type":"WebSite","@id":"https:\/\/redcolombianadeposgrados.org\/web\/#website","url":"https:\/\/redcolombianadeposgrados.org\/web\/","name":"Red Colombiana de Posgrados","description":"RCP","publisher":{"@id":"https:\/\/redcolombianadeposgrados.org\/web\/#organization"},"potentialAction":[{"@type":"SearchAction","target":{"@type":"EntryPoint","urlTemplate":"https:\/\/redcolombianadeposgrados.org\/web\/?s={search_term_string}"},"query-input":{"@type":"PropertyValueSpecification","valueRequired":true,"valueName":"search_term_string"}}],"inLanguage":"es-CO"},{"@type":"Organization","@id":"https:\/\/redcolombianadeposgrados.org\/web\/#organization","name":"Red Colombiana de Posgrados","url":"https:\/\/redcolombianadeposgrados.org\/web\/","logo":{"@type":"ImageObject","inLanguage":"es-CO","@id":"https:\/\/redcolombianadeposgrados.org\/web\/#\/schema\/logo\/image\/","url":"https:\/\/redcolombianadeposgrados.org\/web\/wp-content\/uploads\/2023\/04\/logo-rcp-web.png","contentUrl":"https:\/\/redcolombianadeposgrados.org\/web\/wp-content\/uploads\/2023\/04\/logo-rcp-web.png","width":600,"height":182,"caption":"Red Colombiana de Posgrados"},"image":{"@id":"https:\/\/redcolombianadeposgrados.org\/web\/#\/schema\/logo\/image\/"},"sameAs":["https:\/\/www.facebook.com\/ReddePosgrados\/","https:\/\/x.com\/ReddePosgrados","https:\/\/www.instagram.com\/redcolombianadeposgrados\/","https:\/\/www.linkedin.com\/in\/red-colombiana-de-posgrados-46b431196\/","https:\/\/www.youtube.com\/channel\/UCQ4uQlN_Xa4QYR709vqkyJw"]}]}},"rttpg_featured_image_url":null,"rttpg_author":{"display_name":"Uriel Gomez","author_link":"https:\/\/redcolombianadeposgrados.org\/web\/author\/uriel-gomez\/"},"rttpg_comment":0,"rttpg_category":null,"rttpg_excerpt":"Registro Posgrados Colombianos que Transforman el Talento Global Posgrados Colombianos que Transforman el Talento Global Te invitamos a formar parte de este gran evento. A trav\u00e9s de esta secci\u00f3n, podr\u00e1s completar tu registro de manera f\u00e1cil y segura para acceder a conferencias, actividades y oportunidades exclusivas. No te quedes fuera de esta experiencia \u00fanica de&hellip;","_links":{"self":[{"href":"https:\/\/redcolombianadeposgrados.org\/web\/wp-json\/wp\/v2\/pages\/7396","targetHints":{"allow":["GET"]}}],"collection":[{"href":"https:\/\/redcolombianadeposgrados.org\/web\/wp-json\/wp\/v2\/pages"}],"about":[{"href":"https:\/\/redcolombianadeposgrados.org\/web\/wp-json\/wp\/v2\/types\/page"}],"author":[{"embeddable":true,"href":"https:\/\/redcolombianadeposgrados.org\/web\/wp-json\/wp\/v2\/users\/3"}],"replies":[{"embeddable":true,"href":"https:\/\/redcolombianadeposgrados.org\/web\/wp-json\/wp\/v2\/comments?post=7396"}],"version-history":[{"count":13,"href":"https:\/\/redcolombianadeposgrados.org\/web\/wp-json\/wp\/v2\/pages\/7396\/revisions"}],"predecessor-version":[{"id":7507,"href":"https:\/\/redcolombianadeposgrados.org\/web\/wp-json\/wp\/v2\/pages\/7396\/revisions\/7507"}],"up":[{"embeddable":true,"href":"https:\/\/redcolombianadeposgrados.org\/web\/wp-json\/wp\/v2\/pages\/6774"}],"wp:attachment":[{"href":"https:\/\/redcolombianadeposgrados.org\/web\/wp-json\/wp\/v2\/media?parent=7396"}],"curies":[{"name":"wp","href":"https:\/\/api.w.org\/{rel}","templated":true}]}}